{"id":4340,"date":"2020-07-06T10:57:28","date_gmt":"2020-07-06T08:57:28","guid":{"rendered":"https:\/\/aiazzifrancesco.it\/?page_id=4340"},"modified":"2020-07-20T10:23:26","modified_gmt":"2020-07-20T08:23:26","slug":"privacy-policy","status":"publish","type":"page","link":"https:\/\/aiazzifrancesco.it\/it\/privacy-policy\/","title":{"rendered":"PRIVACY POLICY"},"content":{"rendered":"\n<h2 class=\"wp-block-heading\">INFORMATIVA SUL TRATTAMENTO DI DATI PERSONALI ai sensi del Regolamento (UE) 2016\/679 del Parlamento europeo e del Consiglio del 27 aprile 2016 (GDPR)<\/h2>\n\n\n\n<h3 class=\"wp-block-heading\">Premessa<\/h3>\n\n\n\n<p>La presente informativa \u00e8 resa per il sito \u201c<a href=\"http:\/\/https\/\/www.aiazzifrancesco.it\">https:\/\/www.aiazzifrancesco.it<\/a>\u201d (<strong>Sito<\/strong>) di propriet\u00e0 di CCA Cristalleria Ceramica Artigiana Snc, con sede legale in S.Martino 146, Loc. Campiglia &#8211; 53034 Colle di Val d&#8217;Elsa (SI), Iscritta alla Camera di Commercio di Siena con P. Iva e C.F. n. 00788470524; capitale sociale di euro 1.000,00 \u20ac i.v. (<strong>Societ\u00e0<\/strong>), in qualit\u00e0 di Titolare del Trattamento.<\/p>\n\n\n\n<h4 class=\"wp-block-heading\">Acquisti sul Sito<\/h4>\n\n\n\n<p>Previo Suo conferimento, i Suoi dati personali verranno trattati per permetterLe di effettuare acquisti sul Sito.<\/p>\n\n\n\n<h4 class=\"wp-block-heading\">Marketing<\/h4>\n\n\n\n<p>Previo Suo consenso, la Societ\u00e0 potr\u00e0 trattare i dati personali da Lei conferiti al fine di inviarLe materiale pubblicitario e\/o newsletter relativi a prodotti propri o di terzi.<\/p>\n\n\n\n<h4 class=\"wp-block-heading\">Soft spamming<\/h4>\n\n\n\n<p>La Societ\u00e0 potr\u00e0 utilizzare, a fini della vendita diretta dei prodotti offerti in vendita tramite il Sito, le coordinate di posta elettronica da Lei fornite nel contesto di un acquisto sul Sito, anche senza il Suo consenso, sempre che si tratti di un prodotto analogo a quello oggetto della precedente vendita (c.d. soft spamming). Lei potr\u00e0 comunque rifiutare questo trattamento in qualsiasi momento comunicando la Sua opposizione alla Societ\u00e0.<\/p>\n\n\n\n<p>***<\/p>\n\n\n\n<p>In ottemperanza al GDPR, con la presente intendiamo informarLa che la Societ\u00e0 sottoporr\u00e0 a trattamento i dati personali che La riguardano alle seguenti condizioni.<\/p>\n\n\n\n<p><strong>Art. 1. Finalit\u00e0 e base giuridica del trattamento. Conferimento obbligatorio o facoltativo. Conseguenze del rifiuto al trattamento.<\/strong><\/p>\n\n\n\n<p>Il trattamento dei dati personali \u00e8 diretto al raggiungimento delle seguenti finalit\u00e0:<\/p>\n\n\n\n<p>a. per permettere il rispetto degli obblighi derivanti dalla legge o dai regolamenti in vigore, in particolare, in ambito amministrativo, contabile, di pubblica sicurezza. La base giuridica del trattamento \u00e8 la necessit\u00e0 della Societ\u00e0 di eseguire misure precontrattuali adottate su richiesta dell&#8217;interessato oppure di adempiere a un obbligo di legge;<\/p>\n\n\n\n<p>b. nel caso di effettuazione di un ordine di acquisto online, per consentire la conclusione del contratto di acquisto e la corretta esecuzione delle operazioni connesse al medesimo (e, qualora necessario in base alla normativa di settore, per assolvere agli obblighi fiscali). La base giuridica del trattamento \u00e8 l&#8217;obbligo della Societ\u00e0 di eseguire il contratto con l&#8217;interessato oppure di adempiere ad obblighi di legge;<\/p>\n\n\n\n<p>c. limitatamente alle coordinate di posta elettronica da Lei fornite nel contesto di un acquisto tramite il Sito, per consentire l\u2019offerta diretta da parte della Societ\u00e0 di prodotti analoghi (c.d. soft spamming), sempre che Lei non si opponga a tale trattamento nelle modalit\u00e0 previste dalla presente informativa. La base giuridica del trattamento \u00e8 il legittimo interesse della Societ\u00e0 ad inviare questo tipo di comunicazioni. Questo legittimo interesse pu\u00f2 ritenersi equivalente all&#8217;interesse dell&#8217;interessato a ricevere comunicazioni di &#8220;soft-spam&#8221;;<\/p>\n\n\n\n<p>d. previo Suo consenso, per l\u2019invio di newsletter e per l\u2019effettuazione di indagini di mercato, anche dirette a valutare il grado di soddisfazione degli utenti, e l\u2019invio di materiale pubblicitario relativo a prodotti della Societ\u00e0 e\/o di terzi, a mezzo di sistemi quali email (<strong>finalit\u00e0 di marketing<\/strong>); La base giuridica del trattamento \u00e8 il consenso dell&#8217;interessato;<\/p>\n\n\n\n<p>e. per rispondere per email, telefono alle Sue richieste. Il conferimento \u00e8 facoltativo, ma il Suo rifiuto comporter\u00e0 l\u2019impossibilit\u00e0 per la Societ\u00e0 di rispondere alle Sue richieste. La base giuridica del trattamento \u00e8 il legittimo interesse della Societ\u00e0 a rispondere alle richieste dell\u2019utente. Questo legittimo interesse \u00e8 equivalente all&#8217;interesse dell&#8217;utente a ricevere risposta alle comunicazioni inviate alla Societ\u00e0.<\/p>\n\n\n\n<p>Il conferimento dei dati per le finalit\u00e0 di cui al punto b) \u00e8 meramente facoltativo. Tuttavia, poich\u00e9 tale trattamento \u00e8 necessario per consentire la registrazione al Sito nonch\u00e9 per effettuare un acquisto sul Sito il Suo eventuale rifiuto di conferire i dati in questione comporter\u00e0 l\u2019impossibilit\u00e0 di registrarsi al Sito e di effettuare tale acquisto tramite il Sito.<\/p>\n\n\n\n<p>L\u2019assenso al trattamento dei Suoi dati per finalit\u00e0 di marketing \u00e8 meramente facoltativo. Il mancato assenso implicher\u00e0 esclusivamente le conseguenze di seguito descritte.<\/p>\n\n\n\n<p>Il mancato assenso al trattamento dei dati per finalit\u00e0 di marketing comporter\u00e0 l\u2019impossibilit\u00e0 per Lei di ricevere materiale pubblicitario relativo a prodotti della Societ\u00e0 e\/o di terzi nonch\u00e9 l&#8217;impossibilit\u00e0 per la Societ\u00e0 di svolgere indagini di mercato, anche dirette a valutare il grado di soddisfazione degli utenti, nonch\u00e9 di inviarLe newsletter.<\/p>\n\n\n\n<p>Fermo quanto precede, resta inteso che la Societ\u00e0 potr\u00e0 comunque utilizzare i Suoi dati personali al solo fine di dare corretto adempimento agli obblighi previsti dalle leggi in vigore e agli obblighi derivanti dai rapporti contrattuali in essere tra Lei e la Societ\u00e0.<\/p>\n\n\n\n<p>Le ricordiamo che Lei potr\u00e0 opporsi al trattamento dei Suoi dati personali anche tramite apposito link presente in calce a qualsiasi email a contenuto promozionale inviata dalla Societ\u00e0.<\/p>\n\n\n\n<h4 class=\"wp-block-heading\">PayPal<\/h4>\n\n\n\n<p>Sul Sito \u00e8 possibile acquistare anche tramite lo strumento di pagamento PayPal. In questo caso, Lei sar\u00e0 indirizzato verso una pagina esterna al Sito, nella quale dovr\u00e0 indicare i dati personali richiesti da PayPal &#8211; che agir\u00e0 in qualit\u00e0 di autonomo titolare del trattamento &#8211; per completare il procedimento di acquisto. I dati personali non transiteranno dal server del Sito che, quindi, non tratter\u00e0 in alcun modo tali dati. Il trattamento dei Suoi dati personali \u00e8 necessario per consentire la conclusione del contratto di acquisto online con la Societ\u00e0. Il mancato conferimento di questi dati, pertanto, non Le consentir\u00e0 di completare il processo di acquisto online.<\/p>\n\n\n\n<h4 class=\"wp-block-heading\">Bonifico bancario<\/h4>\n\n\n\n<p>Qualora Lei scelga come strumento di pagamento il bonifico bancario, in presenza di qualsiasi ipotesi di rimborso, la Societ\u00e0 Le chieder\u00e0 le coordinate bancarie utili per poter predisporre il pagamento.<\/p>\n\n\n\n<h4 class=\"wp-block-heading\">Dati particolari o giudiziari<\/h4>\n\n\n\n<p>La Societ\u00e0 non tratta dati particolari o giudiziari.<\/p>\n\n\n\n<p><strong>Art. 2. Modalit\u00e0 del trattamento<\/strong><\/p>\n\n\n\n<p>Il trattamento dei Suoi dati personali sar\u00e0 principalmente effettuato con l\u2019ausilio di mezzi elettronici o comunque automatizzati, secondo le modalit\u00e0 e con gli strumenti idonei a garantirne la sicurezza e la riservatezza in conformit\u00e0 al GDPR.<\/p>\n\n\n\n<p>Le informazioni acquisite e le modalit\u00e0 del trattamento saranno pertinenti e non eccedenti rispetto alla tipologia dei servizi resi. I dati saranno altres\u00ec gestiti e protetti in ambienti il cui accesso \u00e8 sotto costante controllo.<\/p>\n\n\n\n<p><strong>Art. 3. Comunicazione e diffusione dei dati<\/strong><\/p>\n\n\n\n<p>I Suoi dati potranno essere comunicati:<\/p>\n\n\n\n<ul><li>a tutti quei soggetti (ivi incluse le Pubbliche Autorit\u00e0) che hanno accesso ai dati personali in forza di provvedimenti normativi o amministrativi<\/li><li>alle societ\u00e0 o soggetti terzi incaricati dei servizi di stampa, imbustamento, spedizione e\/o consegna e\/o ritiro dei prodotti acquistati tramite il Sito<\/li><li>a uffici postali, corrieri o spedizionieri incaricati della consegna dei prodotti acquistati tramite il Sito<\/li><li>agli istituti bancari ed alle societ\u00e0 che gestiscono i circuiti nazionali o internazionali di pagamento tramite i quali vengono effettuati i pagamenti on line dei prodotti acquistati tramite il Sito<\/li><li>a societ\u00e0, consulenti o professionisti eventualmente incaricati dell\u2019installazione, della manutenzione, dell\u2019aggiornamento e, in generale, della gestione degli hardware e software della Societ\u00e0 o di cui la Societ\u00e0 si serve per l\u2019erogazione dei propri servizi<\/li><li>a societ\u00e0 esterne incaricate dell\u2019invio di comunicazioni pubblicitarie per conto della Societ\u00e0<\/li><li>a tutte quei soggetti pubblici e\/o privati, persone fisiche e\/o giuridiche (studi di consulenza legale, amministrativa e fiscale, Uffici Giudiziari, Camere di Commercio, Camere ed Uffici del Lavoro, ecc.), qualora la comunicazione risulti necessaria o funzionale al corretto adempimento degli obblighi derivanti dalla legge.<\/li><\/ul>\n\n\n\n<p>I dati che la riguardano non saranno diffusi, se non in forma anonima ed aggregata, per finalit\u00e0 statistiche o di ricerca.<\/p>\n\n\n\n<p><strong>Art. 4. Titolare del Trattamento<\/strong><\/p>\n\n\n\n<p>La Societ\u00e0, in qualit\u00e0 di Titolare del Trattamento dei dati personali pu\u00f2 essere contatta ai seguenti recapiti:<\/p>\n\n\n\n<p>CCA Cristalleria Ceramica Artigiana Snc S.Martino 146, Loc. Campiglia &#8211; 53034 Colle di Val d&#8217;Elsa (SI)<br>Telefono: 3774716829<br>Email: info@ccacristalleria.it<br>Attraverso il modulo di contatto presente sul Sito.<\/p>\n\n\n\n<p><strong>Art. 5. Conservazione dei dati personali<\/strong><\/p>\n\n\n\n<p>I dati personali saranno conservati e trattati per finalit\u00e0 di marketing per un periodo pari a 24 mesi. Al termine di tale periodo la Societ\u00e0 potr\u00e0 chiedere all&#8217;utente di rinnovare il consenso al trattamento dei suoi dati per tali finalit\u00e0 o rendere gli stessi in forma anonima e conservarli solamente per fini statistici o storici.<\/p>\n\n\n\n<p>Per tutte le restanti finalit\u00e0 previste dalla informativa privacy, i dati personali saranno conservati per il solo tempo necessario a garantire la corretta prestazione dei servizi offerti.<\/p>\n\n\n\n<p><strong>Art. 6. Diritti dell&#8217;interessato<\/strong><\/p>\n\n\n\n<p>Ai sensi dell\u2019art. 13 del Regolamento Privacy, la Societ\u00e0 La informa che Lei ha diritto di:<\/p>\n\n\n\n<ul><li>chiedere alla Societ\u00e0 l\u2019accesso ai dati personali e la rettifica o la cancellazione degli stessi o la limitazione del trattamento che La riguardano o di opporsi al loro trattamento, oltre al diritto alla portabilit\u00e0 dei dati<\/li><li>revocare il consenso in qualsiasi momento senza pregiudicare la liceit\u00e0 del trattamento basata sul consenso prestato prima della revoca<\/li><li>proporre reclamo a un\u2019autorit\u00e0 di controllo (es.: il Garante per la protezione dei dati personali).<\/li><\/ul>\n\n\n\n<p>I diritti di cui sopra potranno essere esercitati con richiesta rivolta senza formalit\u00e0 alla Societ\u00e0 ai contatti sopra indicati.<\/p>\n\n\n\n<p><strong>Art. 7. Modifiche<\/strong><\/p>\n\n\n\n<p>La Societ\u00e0 si riserva il diritto di apportare modifiche alla presente informativa in qualsiasi momento, dandone idonea pubblicit\u00e0 agli utenti del Sito e garantendo in ogni caso una adeguata ed analoga protezione dei dati personali. Al fine di visionare eventuali modifiche, Lei \u00e8 invitato a consultare con regolarit\u00e0 la presente informativa.<\/p>\n","protected":false},"excerpt":{"rendered":"<p>INFORMATIVA SUL TRATTAMENTO DI DATI PERSONALI ai sensi del Regolamento (UE) 2016\/679 del Parlamento europeo e del Consiglio del 27 aprile 2016 (GDPR) Premessa La presente informativa \u00e8 resa per il sito \u201chttps:\/\/www.aiazzifrancesco.it\u201d (Sito) di propriet\u00e0 di CCA Cristalleria Ceramica [&hellip;]<\/p>\n","protected":false},"author":1,"featured_media":0,"parent":0,"menu_order":0,"comment_status":"closed","ping_status":"closed","template":"","meta":{"footnotes":""},"yoast_head":"<!-- This site is optimized with the Yoast SEO plugin v20.0 - https:\/\/yoast.com\/wordpress\/plugins\/seo\/ -->\n<title>PRIVACY POLICY - Aiazzi Francesco Cristalleria Ceramica Artigiana<\/title>\n<meta name=\"robots\" content=\"index, follow, max-snippet:-1, max-image-preview:large, max-video-preview:-1\" \/>\n<link rel=\"canonical\" href=\"https:\/\/aiazzifrancesco.it\/it\/privacy-policy\/\" \/>\n<meta property=\"og:locale\" content=\"it_IT\" \/>\n<meta property=\"og:type\" content=\"article\" \/>\n<meta property=\"og:title\" content=\"PRIVACY POLICY - Aiazzi Francesco Cristalleria Ceramica Artigiana\" \/>\n<meta property=\"og:description\" content=\"INFORMATIVA SUL TRATTAMENTO DI DATI PERSONALI ai sensi del Regolamento (UE) 2016\/679 del Parlamento europeo e del Consiglio del 27 aprile 2016 (GDPR) Premessa La presente informativa \u00e8 resa per il sito \u201chttps:\/\/www.aiazzifrancesco.it\u201d (Sito) di propriet\u00e0 di CCA Cristalleria Ceramica [&hellip;]\" \/>\n<meta property=\"og:url\" content=\"https:\/\/aiazzifrancesco.it\/it\/privacy-policy\/\" \/>\n<meta property=\"og:site_name\" content=\"Aiazzi Francesco Cristalleria Ceramica Artigiana\" \/>\n<meta property=\"article:modified_time\" content=\"2020-07-20T08:23:26+00:00\" \/>\n<meta name=\"twitter:card\" content=\"summary_large_image\" \/>\n<meta name=\"twitter:label1\" content=\"Tempo di lettura stimato\" \/>\n\t<meta name=\"twitter:data1\" content=\"7 minuti\" \/>\n<script type=\"application\/ld+json\" class=\"yoast-schema-graph\">{\"@context\":\"https:\/\/schema.org\",\"@graph\":[{\"@type\":\"WebPage\",\"@id\":\"https:\/\/aiazzifrancesco.it\/it\/privacy-policy\/\",\"url\":\"https:\/\/aiazzifrancesco.it\/it\/privacy-policy\/\",\"name\":\"PRIVACY POLICY - Aiazzi Francesco Cristalleria Ceramica Artigiana\",\"isPartOf\":{\"@id\":\"https:\/\/aiazzifrancesco.it\/it\/#website\"},\"datePublished\":\"2020-07-06T08:57:28+00:00\",\"dateModified\":\"2020-07-20T08:23:26+00:00\",\"breadcrumb\":{\"@id\":\"https:\/\/aiazzifrancesco.it\/it\/privacy-policy\/#breadcrumb\"},\"inLanguage\":\"it-IT\",\"potentialAction\":[{\"@type\":\"ReadAction\",\"target\":[\"https:\/\/aiazzifrancesco.it\/it\/privacy-policy\/\"]}]},{\"@type\":\"BreadcrumbList\",\"@id\":\"https:\/\/aiazzifrancesco.it\/it\/privacy-policy\/#breadcrumb\",\"itemListElement\":[{\"@type\":\"ListItem\",\"position\":1,\"name\":\"Home\",\"item\":\"https:\/\/aiazzifrancesco.it\/it\/\"},{\"@type\":\"ListItem\",\"position\":2,\"name\":\"PRIVACY POLICY\"}]},{\"@type\":\"WebSite\",\"@id\":\"https:\/\/aiazzifrancesco.it\/it\/#website\",\"url\":\"https:\/\/aiazzifrancesco.it\/it\/\",\"name\":\"Aiazzi Francesco Cristalleria Ceramica Artigiana\",\"description\":\"Sale of Handmade Glassware and Artisan Ceramics made in Italy\",\"publisher\":{\"@id\":\"https:\/\/aiazzifrancesco.it\/it\/#organization\"},\"potentialAction\":[{\"@type\":\"SearchAction\",\"target\":{\"@type\":\"EntryPoint\",\"urlTemplate\":\"https:\/\/aiazzifrancesco.it\/it\/?s={search_term_string}\"},\"query-input\":\"required name=search_term_string\"}],\"inLanguage\":\"it-IT\"},{\"@type\":\"Organization\",\"@id\":\"https:\/\/aiazzifrancesco.it\/it\/#organization\",\"name\":\"Cristalleria Ceramica Artigiana\",\"url\":\"https:\/\/aiazzifrancesco.it\/it\/\",\"logo\":{\"@type\":\"ImageObject\",\"inLanguage\":\"it-IT\",\"@id\":\"https:\/\/aiazzifrancesco.it\/it\/#\/schema\/logo\/image\/\",\"url\":\"https:\/\/aiazzifrancesco.it\/wp-content\/uploads\/2020\/06\/logo-aiazzi.png\",\"contentUrl\":\"https:\/\/aiazzifrancesco.it\/wp-content\/uploads\/2020\/06\/logo-aiazzi.png\",\"width\":250,\"height\":150,\"caption\":\"Cristalleria Ceramica Artigiana\"},\"image\":{\"@id\":\"https:\/\/aiazzifrancesco.it\/it\/#\/schema\/logo\/image\/\"}}]}<\/script>\n<!-- \/ Yoast SEO plugin. -->","yoast_head_json":{"title":"PRIVACY POLICY - Aiazzi Francesco Cristalleria Ceramica Artigiana","robots":{"index":"index","follow":"follow","max-snippet":"max-snippet:-1","max-image-preview":"max-image-preview:large","max-video-preview":"max-video-preview:-1"},"canonical":"https:\/\/aiazzifrancesco.it\/it\/privacy-policy\/","og_locale":"it_IT","og_type":"article","og_title":"PRIVACY POLICY - Aiazzi Francesco Cristalleria Ceramica Artigiana","og_description":"INFORMATIVA SUL TRATTAMENTO DI DATI PERSONALI ai sensi del Regolamento (UE) 2016\/679 del Parlamento europeo e del Consiglio del 27 aprile 2016 (GDPR) Premessa La presente informativa \u00e8 resa per il sito \u201chttps:\/\/www.aiazzifrancesco.it\u201d (Sito) di propriet\u00e0 di CCA Cristalleria Ceramica [&hellip;]","og_url":"https:\/\/aiazzifrancesco.it\/it\/privacy-policy\/","og_site_name":"Aiazzi Francesco Cristalleria Ceramica Artigiana","article_modified_time":"2020-07-20T08:23:26+00:00","twitter_card":"summary_large_image","twitter_misc":{"Tempo di lettura stimato":"7 minuti"},"schema":{"@context":"https:\/\/schema.org","@graph":[{"@type":"WebPage","@id":"https:\/\/aiazzifrancesco.it\/it\/privacy-policy\/","url":"https:\/\/aiazzifrancesco.it\/it\/privacy-policy\/","name":"PRIVACY POLICY - Aiazzi Francesco Cristalleria Ceramica Artigiana","isPartOf":{"@id":"https:\/\/aiazzifrancesco.it\/it\/#website"},"datePublished":"2020-07-06T08:57:28+00:00","dateModified":"2020-07-20T08:23:26+00:00","breadcrumb":{"@id":"https:\/\/aiazzifrancesco.it\/it\/privacy-policy\/#breadcrumb"},"inLanguage":"it-IT","potentialAction":[{"@type":"ReadAction","target":["https:\/\/aiazzifrancesco.it\/it\/privacy-policy\/"]}]},{"@type":"BreadcrumbList","@id":"https:\/\/aiazzifrancesco.it\/it\/privacy-policy\/#breadcrumb","itemListElement":[{"@type":"ListItem","position":1,"name":"Home","item":"https:\/\/aiazzifrancesco.it\/it\/"},{"@type":"ListItem","position":2,"name":"PRIVACY POLICY"}]},{"@type":"WebSite","@id":"https:\/\/aiazzifrancesco.it\/it\/#website","url":"https:\/\/aiazzifrancesco.it\/it\/","name":"Aiazzi Francesco Cristalleria Ceramica Artigiana","description":"Sale of Handmade Glassware and Artisan Ceramics made in Italy","publisher":{"@id":"https:\/\/aiazzifrancesco.it\/it\/#organization"},"potentialAction":[{"@type":"SearchAction","target":{"@type":"EntryPoint","urlTemplate":"https:\/\/aiazzifrancesco.it\/it\/?s={search_term_string}"},"query-input":"required name=search_term_string"}],"inLanguage":"it-IT"},{"@type":"Organization","@id":"https:\/\/aiazzifrancesco.it\/it\/#organization","name":"Cristalleria Ceramica Artigiana","url":"https:\/\/aiazzifrancesco.it\/it\/","logo":{"@type":"ImageObject","inLanguage":"it-IT","@id":"https:\/\/aiazzifrancesco.it\/it\/#\/schema\/logo\/image\/","url":"https:\/\/aiazzifrancesco.it\/wp-content\/uploads\/2020\/06\/logo-aiazzi.png","contentUrl":"https:\/\/aiazzifrancesco.it\/wp-content\/uploads\/2020\/06\/logo-aiazzi.png","width":250,"height":150,"caption":"Cristalleria Ceramica Artigiana"},"image":{"@id":"https:\/\/aiazzifrancesco.it\/it\/#\/schema\/logo\/image\/"}}]}},"_links":{"self":[{"href":"https:\/\/aiazzifrancesco.it\/it\/wp-json\/wp\/v2\/pages\/4340"}],"collection":[{"href":"https:\/\/aiazzifrancesco.it\/it\/wp-json\/wp\/v2\/pages"}],"about":[{"href":"https:\/\/aiazzifrancesco.it\/it\/wp-json\/wp\/v2\/types\/page"}],"author":[{"embeddable":true,"href":"https:\/\/aiazzifrancesco.it\/it\/wp-json\/wp\/v2\/users\/1"}],"replies":[{"embeddable":true,"href":"https:\/\/aiazzifrancesco.it\/it\/wp-json\/wp\/v2\/comments?post=4340"}],"version-history":[{"count":3,"href":"https:\/\/aiazzifrancesco.it\/it\/wp-json\/wp\/v2\/pages\/4340\/revisions"}],"predecessor-version":[{"id":4576,"href":"https:\/\/aiazzifrancesco.it\/it\/wp-json\/wp\/v2\/pages\/4340\/revisions\/4576"}],"wp:attachment":[{"href":"https:\/\/aiazzifrancesco.it\/it\/wp-json\/wp\/v2\/media?parent=4340"}],"curies":[{"name":"wp","href":"https:\/\/api.w.org\/{rel}","templated":true}]}}