{"id":4323,"date":"2020-07-06T10:44:30","date_gmt":"2020-07-06T08:44:30","guid":{"rendered":"https:\/\/aiazzifrancesco.it\/?page_id=4323"},"modified":"2020-07-20T10:21:16","modified_gmt":"2020-07-20T08:21:16","slug":"cookies-policy-italiano","status":"publish","type":"page","link":"https:\/\/aiazzifrancesco.it\/it\/cookies-policy-italiano\/","title":{"rendered":"Cookies Policy"},"content":{"rendered":"\n<h2 class=\"wp-block-heading\">INFORMATIVA ESTESA SUI COOKIE<\/h2>\n\n\n\n<h3 class=\"wp-block-heading\">Premessa<\/h3>\n\n\n\n<p><p>La presente informativa \u00e8 resa per il sito \u201c<a href=\"http:\/\/https\/\/www.aiazzifrancesco.it\">https:\/\/www.aiazzifrancesco.it<\/a>\u201d (<strong>Sito<\/strong>) di propriet\u00e0 di CCA Cristalleria Ceramica Artigiana Snc, con sede legale in S.Martino 146, Loc. Campiglia &#8211; 53034 Colle di Val d&#8217;Elsa (SI), Iscritta alla Camera di Commercio di Siena con P. Iva e C.F. n. 00788470524 capitale sociale di euro 1.000,00 \u20ac i.v. (<strong>Societ\u00e0<\/strong>), in qualit\u00e0 di Titolare del Trattamento.<\/p>\n<h4>Che cosa sono i cookie e a cosa servono<\/h4>\n<p>Un cookie \u00e8 un file di testo che un sito web visitato dall\u2019utente invia al suo terminale (computer, dispositivo mobile quale smartphone o tablet), dove viene memorizzato per essere poi ritrasmesso a tale sito in occasione di una visita successiva al sito medesimo.<\/p>\n<p>I cookie vengono tra loro distinti:<\/p>\n<ul>\n<li>in base al soggetto che li installa, a seconda che si tratti dello stesso gestore del sito visitato (c.d. &#8220;<strong>cookie di prima parte<\/strong>&#8220;) ovvero di un soggetto diverso (c.d. &#8220;<strong>cookie di terza parte<\/strong>&#8220;);<\/li>\n<li>in base alla finalit\u00e0 di ciascun cookie: alcuni cookie permettono una migliore navigazione, memorizzando alcune scelte dell&#8217;utente, ad esempio la lingua (c.d. &#8220;<strong>cookie tecnici<\/strong>&#8220;), altri cookie consentono di monitorare la navigazione dell&#8217;utente anche allo scopo di inviare pubblicit\u00e0 e\/od offrire servizi in linea con sue preferenze (c.d. &#8220;<strong>cookie di profilazione<\/strong>&#8220;).<\/li>\n<\/ul>\n<p>Solo i cookie di profilazione richiedono il consenso preventivo dell&#8217;utente al loro utilizzo.<\/p>\n<p>Il Sito si avvale di cookie tecnici nonch\u00e9 di cookie di profilazione di terza parte.<\/p>\n<p>La Societ\u00e0 \u00e8 responsabile esclusivamente dei cookie di prima parte dalla stessa installati sul Sito.<\/p>\n<h4>Modalit\u00e0 per manifestare il consenso ai cookie di profilazione<\/h4>\n<p><strong>In occasione della prima visita al Sito<\/strong>, Lei pu\u00f2 accettare tutti i cookie tramite il compimento di una delle seguenti azioni:<\/p>\n<ul>\n<li>cliccando il pulsante Ok, ho capito presente nel banner stesso .<\/li>\n<\/ul>\n<p>In occasione della prima visita al Sito, se Lei non compie nessuna delle azioni descritte nel banner ma, dal banner, accede alla presente informativa estesa, Lei pu\u00f2 interagire con i singoli moduli di consenso eventualmente presenti nella informativa estesa dove \u00e8 possibile prestare e\/o negare il consenso, a seconda dei casi, alla installazione dei cookie cliccando sull\u2019apposito link riportato nella colonna \u201cinformativa privacy e modulo di consenso\u201d della tabella sotto riportata. Attenzione: se Lei non interagisce con i moduli del consenso ed esce dall\u2019informativa estesa, chiudendo la pagina nella quale l\u2019informativa \u00e8 contenuta o proseguendo la navigazione nel Sito, presta il consenso per tutti i cookie.<\/p>\n<p>In occasione di successive visite al Sito, Lei pu\u00f2 accedere alla informativa estesa attraverso il link \u201cCookie Policy\u201d, presente sul Sito e negare il consenso alla installazione dei cookie di terza parte.<\/p>\n<p>In ogni caso \u00e8 possibile esprimere il consenso al rilascio dei cookie attraverso le impostazioni del browser. La procedura da seguire per configurare le relative impostazioni \u00e8 la seguente:<\/p>\n<h4>Internet Explorer<\/h4>\n<p>Cliccare il seguente link:&nbsp;<a href=\"https:\/\/support.microsoft.com\/it-it\/help\/17442\/windows-internet-explorer-delete-manage-cookies\" target=\"_blank\" rel=\"noopener noreferrer\">http:\/\/windows.microsoft.com\/it-it\/internet-explorer\/delete-manage-cookies#ie=ie-11<\/a>.<\/p>\n<h4>Google Chrome<\/h4>\n<p>Cliccare il seguente link:&nbsp;<a href=\"https:\/\/support.google.com\/chrome\/answer\/95647?hl=it\" target=\"_blank\" rel=\"noopener noreferrer\">https:\/\/support.google.com\/accounts\/answer\/61416?hl=it<\/a>.<\/p>\n<h4>Mozilla Firefox<\/h4>\n<p>Cliccare il seguente link:&nbsp;<a href=\"https:\/\/support.mozilla.org\/it\/kb\/Gestione%20dei%20cookie?redirectlocale=en-US&amp;redirectslug=Cookies\" target=\"_blank\" rel=\"noopener noreferrer\">https:\/\/support.mozilla.org\/it\/kb\/Attivare%20e%20disattivare%20i%20cookie<\/a>.<\/p>\n<h4>Safari<\/h4>\n<p>Cliccare il seguente link:&nbsp;<a href=\"https:\/\/support.apple.com\/kb\/PH19214?locale=en_US&amp;viewlocale=it_IT\" target=\"_blank\" rel=\"noopener noreferrer\">https:\/\/support.apple.com\/kb\/PH19214?viewlocale=it_IT&amp;locale=en_US<\/a>.<\/p>\n<p>In caso di dispositivi quali smartphone, tablet, ecc, Le chiediamo di verificare che ciascun browser su ogni dispositivo sia regolato per esprimere le Sue preferenze relative ai cookies. Per i cookie di terze parti Lei pu\u00f2 anche impostare le Sue preferenze attraverso il sito&nbsp;<a href=\"http:\/\/www.youronlinechoices.com\/it\" target=\"_blank\" rel=\"noopener noreferrer\">www.youronlinechoices.com<\/a>&nbsp;(il sistema opera con riferimento alle societ\u00e0 aderenti a questo sito).<\/p>\n<h4>Cookie installati per il tramite del Sito<\/h4>\n<h5>Cookie tecnici di prima parte che non richiedono il consenso preventivo dell\u2019utente<\/h5><\/p>\n\n\n\n<p><table id=\"table_cookie_tec_first_part\">\n<tbody>\n<tr>\n<th>Nome cookie<\/th>\n<th>Finalit\u00e0 cookie<\/th>\n<th>Scadenza<\/th>\n<\/tr>\n<tr>\n<td>N.D.<\/td>\n<td>Cookie di navigazione o di sessione che garantiscono la normale navigazione e fruizione del Sito (permettendo, ad esempio, di realizzare un acquisto o autenticarsi per accedere ad aree riservate).<\/td>\n<td>Durata della sessione<\/td>\n<\/tr>\n<tr>\n<td>N.D.<\/td>\n<td>Documenta la manifestazione del consenso dell&#8217;utente attraverso il compimento di una delle azioni descritte nel banner\/informativa breve. Riconosce l&#8217;utente al secondo accesso al Sito cos\u00ec da non richiedere nuovamente il consenso all&#8217;installazione dei cookie.<\/td>\n<td>Non pi\u00f9 di 12 mesi<\/td>\n<\/tr>\n<tr>\n<td>N.D.<\/td>\n<td>Cookie di funzionalit\u00e0, che permette all\u00b4utente di navigare sul Sito mantenendo le scelte effettuate (es.: la lingua scelta).<\/td>\n<td>Non pi\u00f9 di 12 mesi<\/td>\n<\/tr>\n<\/tbody>\n<\/table>\n<h5>Cookie di profilazione di terza parte che richiedono il consenso preventivo dell\u2019utente<\/h5>\n<h5>Cookie di statistica e analitici<\/h5>\n<p>Il Sito utilizza cookie di terze parti, anche in forma disaggregata, a fini di statistica e analisi.<\/p>\n<table id=\"table_\">\n<tbody>\n<tr>\n<th>Fornitore<\/th>\n<th>Finalit\u00e0 cookie<\/th>\n<th>Informativa privacy<\/th>\n<th>Modulo di consenso<\/th>\n<\/tr>\n<tr>\n<td>Google LLC.<\/td>\n<td>Misurazione delle visite al Sito a fini di analisi e di statistica.<\/td>\n<td><a href=\"http:\/\/www.google.com\/intl\/it\/policies\/privacy\/\">http:\/\/www.google.com\/intl\/it\/policies\/privacy\/<\/a><\/td>\n<td><a href=\"https:\/\/tools.google.com\/dlpage\/gaoptout\">https:\/\/tools.google.com\/dlpage\/gaoptout<\/a><\/td>\n<\/tr>\n<\/tbody>\n<\/table>\n<h5>Cookie di profilazione pubblicitaria<\/h5>\n<p>La Societ\u00e0 utilizza cookie di profilazione pubblicitaria per erogare pubblicit\u00e0 basata sugli interessi manifestati attraverso la navigazione in internet.<\/p>\n<table id=\"table_\">\n<tbody>\n<tr>\n<th>Fornitore<\/th>\n<th>Finalit\u00e0 cookie<\/th>\n<th>Informativa privacy<\/th>\n<th>Modulo di consenso<\/th>\n<\/tr>\n<tr>\n<td>Google Inc.<\/td>\n<td>Contribuisce alla personalizzazione degli annunci nelle propriet\u00e0 di Google, come la Ricerca Google. Tra le funzioni di questo cookie figura la possibilit\u00e0 di memorizzare le ricerche pi\u00f9 recenti dell&#8217;utente, le sue interazioni precedenti con gli annunci di un inserzionista o i risultati di ricerca e le sue visite al sito web di un inserzionista. In questo modo \u00e8 possibile mostrare annunci personalizzati su Google.<\/td>\n<td><a href=\"https:\/\/policies.google.com\/privacy\">https:\/\/policies.google.com\/privacy<\/a><\/td>\n<td><a href=\"https:\/\/adssettings.google.com\/authenticated?hl=en\">https:\/\/adssettings.google.com\/authenticated?hl=en<\/a><\/td>\n<\/tr>\n<\/tbody>\n<\/table>\n<h4>Ulteriori Informazioni<\/h4>\n<p>Con riferimento ai cookie installati dal Sito si informa che:<\/p>\n<ul>\n<li>i dati sono raccolti esclusivamente per le finalit\u00e0 indicate nella presente informativa;<\/li>\n<li>i cookie tecnici non richiedo il preventivo consenso dell&#8217;utente in quanto sono necessari al funzionamento del Sito. Rimuovere questi cookie tecnici potrebbe incidere negativamente sulla navigazione del Sito;<\/li>\n<li>i dati raccolti da cookie di prima parte potrebbero essere comunicati a soggetti che agiscono per conto della Societ\u00e0 in qualit\u00e0 di Responsabili del trattamento ai sensi di quanto disciplinato dal Regolamento (UE) 679\/2016 in materia di protezione dei dati personali (GDPR) e come descritto nella informativa privacy che puoi visionare cliccando al seguente link &#8220;<strong>Privacy Policy<\/strong>&#8221; presente sul Sito.<\/li>\n<\/ul>\n<p>Le finalit\u00e0 e l&#8217;uso dei cookie di terza parte sono determinati da tali terze parti.<\/p><\/p>\n","protected":false},"excerpt":{"rendered":"<p>INFORMATIVA ESTESA SUI COOKIE Premessa La presente informativa \u00e8 resa per il sito \u201chttps:\/\/www.aiazzifrancesco.it\u201d (Sito) di propriet\u00e0 di CCA Cristalleria Ceramica Artigiana Snc, con sede legale in S.Martino 146, Loc. Campiglia &#8211; 53034 Colle di Val d&#8217;Elsa (SI), Iscritta alla [&hellip;]<\/p>\n","protected":false},"author":1,"featured_media":0,"parent":0,"menu_order":0,"comment_status":"closed","ping_status":"open","template":"","meta":{"footnotes":""},"yoast_head":"<!-- This site is optimized with the Yoast SEO plugin v20.0 - https:\/\/yoast.com\/wordpress\/plugins\/seo\/ -->\n<title>Cookies Policy - Aiazzi Francesco Cristalleria Ceramica Artigiana<\/title>\n<meta name=\"robots\" content=\"index, follow, max-snippet:-1, max-image-preview:large, max-video-preview:-1\" \/>\n<link rel=\"canonical\" href=\"https:\/\/aiazzifrancesco.it\/it\/cookies-policy-italiano\/\" \/>\n<meta property=\"og:locale\" content=\"it_IT\" \/>\n<meta property=\"og:type\" content=\"article\" \/>\n<meta property=\"og:title\" content=\"Cookies Policy - Aiazzi Francesco Cristalleria Ceramica Artigiana\" \/>\n<meta property=\"og:description\" content=\"INFORMATIVA ESTESA SUI COOKIE Premessa La presente informativa \u00e8 resa per il sito \u201chttps:\/\/www.aiazzifrancesco.it\u201d (Sito) di propriet\u00e0 di CCA Cristalleria Ceramica Artigiana Snc, con sede legale in S.Martino 146, Loc. Campiglia &#8211; 53034 Colle di Val d&#8217;Elsa (SI), Iscritta alla [&hellip;]\" \/>\n<meta property=\"og:url\" content=\"https:\/\/aiazzifrancesco.it\/it\/cookies-policy-italiano\/\" \/>\n<meta property=\"og:site_name\" content=\"Aiazzi Francesco Cristalleria Ceramica Artigiana\" \/>\n<meta property=\"article:modified_time\" content=\"2020-07-20T08:21:16+00:00\" \/>\n<meta name=\"twitter:card\" content=\"summary_large_image\" \/>\n<meta name=\"twitter:label1\" content=\"Tempo di lettura stimato\" \/>\n\t<meta name=\"twitter:data1\" content=\"5 minuti\" \/>\n<script type=\"application\/ld+json\" class=\"yoast-schema-graph\">{\"@context\":\"https:\/\/schema.org\",\"@graph\":[{\"@type\":\"WebPage\",\"@id\":\"https:\/\/aiazzifrancesco.it\/it\/cookies-policy-italiano\/\",\"url\":\"https:\/\/aiazzifrancesco.it\/it\/cookies-policy-italiano\/\",\"name\":\"Cookies Policy - Aiazzi Francesco Cristalleria Ceramica Artigiana\",\"isPartOf\":{\"@id\":\"https:\/\/aiazzifrancesco.it\/it\/#website\"},\"datePublished\":\"2020-07-06T08:44:30+00:00\",\"dateModified\":\"2020-07-20T08:21:16+00:00\",\"breadcrumb\":{\"@id\":\"https:\/\/aiazzifrancesco.it\/it\/cookies-policy-italiano\/#breadcrumb\"},\"inLanguage\":\"it-IT\",\"potentialAction\":[{\"@type\":\"ReadAction\",\"target\":[\"https:\/\/aiazzifrancesco.it\/it\/cookies-policy-italiano\/\"]}]},{\"@type\":\"BreadcrumbList\",\"@id\":\"https:\/\/aiazzifrancesco.it\/it\/cookies-policy-italiano\/#breadcrumb\",\"itemListElement\":[{\"@type\":\"ListItem\",\"position\":1,\"name\":\"Home\",\"item\":\"https:\/\/aiazzifrancesco.it\/it\/\"},{\"@type\":\"ListItem\",\"position\":2,\"name\":\"Cookies Policy\"}]},{\"@type\":\"WebSite\",\"@id\":\"https:\/\/aiazzifrancesco.it\/it\/#website\",\"url\":\"https:\/\/aiazzifrancesco.it\/it\/\",\"name\":\"Aiazzi Francesco Cristalleria Ceramica Artigiana\",\"description\":\"Sale of Handmade Glassware and Artisan Ceramics made in Italy\",\"publisher\":{\"@id\":\"https:\/\/aiazzifrancesco.it\/it\/#organization\"},\"potentialAction\":[{\"@type\":\"SearchAction\",\"target\":{\"@type\":\"EntryPoint\",\"urlTemplate\":\"https:\/\/aiazzifrancesco.it\/it\/?s={search_term_string}\"},\"query-input\":\"required name=search_term_string\"}],\"inLanguage\":\"it-IT\"},{\"@type\":\"Organization\",\"@id\":\"https:\/\/aiazzifrancesco.it\/it\/#organization\",\"name\":\"Cristalleria Ceramica Artigiana\",\"url\":\"https:\/\/aiazzifrancesco.it\/it\/\",\"logo\":{\"@type\":\"ImageObject\",\"inLanguage\":\"it-IT\",\"@id\":\"https:\/\/aiazzifrancesco.it\/it\/#\/schema\/logo\/image\/\",\"url\":\"https:\/\/aiazzifrancesco.it\/wp-content\/uploads\/2020\/06\/logo-aiazzi.png\",\"contentUrl\":\"https:\/\/aiazzifrancesco.it\/wp-content\/uploads\/2020\/06\/logo-aiazzi.png\",\"width\":250,\"height\":150,\"caption\":\"Cristalleria Ceramica Artigiana\"},\"image\":{\"@id\":\"https:\/\/aiazzifrancesco.it\/it\/#\/schema\/logo\/image\/\"}}]}<\/script>\n<!-- \/ Yoast SEO plugin. -->","yoast_head_json":{"title":"Cookies Policy - Aiazzi Francesco Cristalleria Ceramica Artigiana","robots":{"index":"index","follow":"follow","max-snippet":"max-snippet:-1","max-image-preview":"max-image-preview:large","max-video-preview":"max-video-preview:-1"},"canonical":"https:\/\/aiazzifrancesco.it\/it\/cookies-policy-italiano\/","og_locale":"it_IT","og_type":"article","og_title":"Cookies Policy - Aiazzi Francesco Cristalleria Ceramica Artigiana","og_description":"INFORMATIVA ESTESA SUI COOKIE Premessa La presente informativa \u00e8 resa per il sito \u201chttps:\/\/www.aiazzifrancesco.it\u201d (Sito) di propriet\u00e0 di CCA Cristalleria Ceramica Artigiana Snc, con sede legale in S.Martino 146, Loc. Campiglia &#8211; 53034 Colle di Val d&#8217;Elsa (SI), Iscritta alla [&hellip;]","og_url":"https:\/\/aiazzifrancesco.it\/it\/cookies-policy-italiano\/","og_site_name":"Aiazzi Francesco Cristalleria Ceramica Artigiana","article_modified_time":"2020-07-20T08:21:16+00:00","twitter_card":"summary_large_image","twitter_misc":{"Tempo di lettura stimato":"5 minuti"},"schema":{"@context":"https:\/\/schema.org","@graph":[{"@type":"WebPage","@id":"https:\/\/aiazzifrancesco.it\/it\/cookies-policy-italiano\/","url":"https:\/\/aiazzifrancesco.it\/it\/cookies-policy-italiano\/","name":"Cookies Policy - Aiazzi Francesco Cristalleria Ceramica Artigiana","isPartOf":{"@id":"https:\/\/aiazzifrancesco.it\/it\/#website"},"datePublished":"2020-07-06T08:44:30+00:00","dateModified":"2020-07-20T08:21:16+00:00","breadcrumb":{"@id":"https:\/\/aiazzifrancesco.it\/it\/cookies-policy-italiano\/#breadcrumb"},"inLanguage":"it-IT","potentialAction":[{"@type":"ReadAction","target":["https:\/\/aiazzifrancesco.it\/it\/cookies-policy-italiano\/"]}]},{"@type":"BreadcrumbList","@id":"https:\/\/aiazzifrancesco.it\/it\/cookies-policy-italiano\/#breadcrumb","itemListElement":[{"@type":"ListItem","position":1,"name":"Home","item":"https:\/\/aiazzifrancesco.it\/it\/"},{"@type":"ListItem","position":2,"name":"Cookies Policy"}]},{"@type":"WebSite","@id":"https:\/\/aiazzifrancesco.it\/it\/#website","url":"https:\/\/aiazzifrancesco.it\/it\/","name":"Aiazzi Francesco Cristalleria Ceramica Artigiana","description":"Sale of Handmade Glassware and Artisan Ceramics made in Italy","publisher":{"@id":"https:\/\/aiazzifrancesco.it\/it\/#organization"},"potentialAction":[{"@type":"SearchAction","target":{"@type":"EntryPoint","urlTemplate":"https:\/\/aiazzifrancesco.it\/it\/?s={search_term_string}"},"query-input":"required name=search_term_string"}],"inLanguage":"it-IT"},{"@type":"Organization","@id":"https:\/\/aiazzifrancesco.it\/it\/#organization","name":"Cristalleria Ceramica Artigiana","url":"https:\/\/aiazzifrancesco.it\/it\/","logo":{"@type":"ImageObject","inLanguage":"it-IT","@id":"https:\/\/aiazzifrancesco.it\/it\/#\/schema\/logo\/image\/","url":"https:\/\/aiazzifrancesco.it\/wp-content\/uploads\/2020\/06\/logo-aiazzi.png","contentUrl":"https:\/\/aiazzifrancesco.it\/wp-content\/uploads\/2020\/06\/logo-aiazzi.png","width":250,"height":150,"caption":"Cristalleria Ceramica Artigiana"},"image":{"@id":"https:\/\/aiazzifrancesco.it\/it\/#\/schema\/logo\/image\/"}}]}},"_links":{"self":[{"href":"https:\/\/aiazzifrancesco.it\/it\/wp-json\/wp\/v2\/pages\/4323"}],"collection":[{"href":"https:\/\/aiazzifrancesco.it\/it\/wp-json\/wp\/v2\/pages"}],"about":[{"href":"https:\/\/aiazzifrancesco.it\/it\/wp-json\/wp\/v2\/types\/page"}],"author":[{"embeddable":true,"href":"https:\/\/aiazzifrancesco.it\/it\/wp-json\/wp\/v2\/users\/1"}],"replies":[{"embeddable":true,"href":"https:\/\/aiazzifrancesco.it\/it\/wp-json\/wp\/v2\/comments?post=4323"}],"version-history":[{"count":9,"href":"https:\/\/aiazzifrancesco.it\/it\/wp-json\/wp\/v2\/pages\/4323\/revisions"}],"predecessor-version":[{"id":4581,"href":"https:\/\/aiazzifrancesco.it\/it\/wp-json\/wp\/v2\/pages\/4323\/revisions\/4581"}],"wp:attachment":[{"href":"https:\/\/aiazzifrancesco.it\/it\/wp-json\/wp\/v2\/media?parent=4323"}],"curies":[{"name":"wp","href":"https:\/\/api.w.org\/{rel}","templated":true}]}}