{"id":4105,"date":"2020-07-01T16:09:08","date_gmt":"2020-07-01T14:09:08","guid":{"rendered":"https:\/\/aiazzifrancesco.it\/?page_id=4105"},"modified":"2024-04-22T12:28:13","modified_gmt":"2024-04-22T10:28:13","slug":"collezioni-cristalleria-ceramica-artigiana","status":"publish","type":"page","link":"https:\/\/aiazzifrancesco.it\/it\/collezioni-cristalleria-ceramica-artigiana\/","title":{"rendered":"Collezioni"},"content":{"rendered":"<p>[vc_row][vc_column width=&#8221;1\/2&#8243;][vc_row_inner][vc_column_inner width=&#8221;1\/2&#8243;][vc_column_text]<\/p>\n<h3>Rose<\/h3>\n<p class=\"p1\">Realizzata in ceramica fatta a mano con righe circolari nella falda prodotte singolarmente ed inevitabilmente uno diverso dall\u2019altro .<\/p>\n<p class=\"p1\">Colori atossici.<\/p>\n<p class=\"p1\">La brocca in vetro verde oliva soffiata a bocca senza utilizzo di stampi.<\/p>\n<p>[\/vc_column_text][\/vc_column_inner][vc_column_inner width=&#8221;1\/2&#8243;][vc_single_image image=&#8221;5173&#8243; img_size=&#8221;full&#8221; alignment=&#8221;right&#8221; onclick=&#8221;custom_link&#8221; link=&#8221;https:\/\/aiazzifrancesco.it\/it\/categoria-prodotto\/ceramica-da-tavola-fatta-a-mano\/&#8221;][\/vc_column_inner][\/vc_row_inner]<a itemprop=\"url\" href=\"https:\/\/aiazzifrancesco.it\/it\/categoria-prodotto\/ceramica-da-tavola-fatta-a-mano\/\" target=\"_self\"  class=\"mkdf-btn mkdf-btn-huge mkdf-btn-solid\"  >\n    <span class=\"mkdf-btn-text\">SHOP CERAMICA DA TAVOLA<\/span>\n    <\/a>[\/vc_column][vc_column width=&#8221;1\/2&#8243;][vc_row_inner][vc_column_inner width=&#8221;1\/2&#8243;][vc_column_text]<\/p>\n<h3>Righe<\/h3>\n<p class=\"p1\">Realizzata in terracotta smaltata in bianco antico atossico con creazione sul bordo di piccole righine a formare una cornice con l\u2019utilizzo di piccoli ferretti . La particolare bellezza \u00e8 data dall\u2019unicit\u00e0 dell\u2019oggetto.<\/p>\n<p>[\/vc_column_text][\/vc_column_inner][vc_column_inner width=&#8221;1\/2&#8243;][vc_single_image image=&#8221;5175&#8243; img_size=&#8221;full&#8221; alignment=&#8221;right&#8221; onclick=&#8221;custom_link&#8221; link=&#8221;https:\/\/aiazzifrancesco.it\/it\/categoria-prodotto\/ceramica-da-tavola-fatta-a-mano\/&#8221;][\/vc_column_inner][\/vc_row_inner]<a itemprop=\"url\" href=\"https:\/\/aiazzifrancesco.it\/it\/categoria-prodotto\/ceramica-da-tavola-fatta-a-mano\/\" target=\"_self\"  class=\"mkdf-btn mkdf-btn-huge mkdf-btn-solid mkdf-btn-custom-border-hover\" data-hover-border-color=\"#ffffff\" >\n    <span class=\"mkdf-btn-text\">SHOP CERAMICA DA TAVOLA<\/span>\n    <\/a>[\/vc_column][\/vc_row][vc_row][vc_column width=&#8221;1\/2&#8243;][vc_row_inner][vc_column_inner width=&#8221;1\/2&#8243;][vc_column_text]<\/p>\n<h3>Regina<\/h3>\n<p class=\"p1\">Realizzata completamente a mano da Francesco Aiazzi con la creazione di una fine cornice fatta da piccoli cerchi nella falda del piatto eseguiti con piccoli strumenti in legno utilizzati dai ceramisti tradizionali.<\/p>\n<p>[\/vc_column_text][\/vc_column_inner][vc_column_inner width=&#8221;1\/2&#8243;][vc_single_image image=&#8221;5177&#8243; img_size=&#8221;full&#8221; alignment=&#8221;right&#8221; onclick=&#8221;custom_link&#8221; link=&#8221;https:\/\/aiazzifrancesco.it\/it\/categoria-prodotto\/ceramica-da-tavola-fatta-a-mano\/&#8221;][\/vc_column_inner][\/vc_row_inner]<a itemprop=\"url\" href=\"https:\/\/aiazzifrancesco.it\/it\/categoria-prodotto\/ceramica-da-tavola-fatta-a-mano\/\" target=\"_self\"  class=\"mkdf-btn mkdf-btn-huge mkdf-btn-solid mkdf-btn-custom-border-hover\" data-hover-border-color=\"#ffffff\" >\n    <span class=\"mkdf-btn-text\">SHOP CERAMICA DA TAVOLA<\/span>\n    <\/a>[\/vc_column][vc_column width=&#8221;1\/2&#8243;][vc_row_inner][vc_column_inner width=&#8221;1\/2&#8243;][vc_column_text]<\/p>\n<h3>Splash<\/h3>\n<p class=\"p1\">Realizzata completamente a mano da Francesco Aiazzi<span class=\"Apple-converted-space\">\u00a0<\/span>in ceramica con fondo bianco e getto di colore blu con pennello e spugna a ricreare la tavolozza dei pittori. Le sfumature possono essere fatte in vari colori. Gli smalti sono atossici.<\/p>\n<p>[\/vc_column_text][\/vc_column_inner][vc_column_inner width=&#8221;1\/2&#8243;][vc_single_image image=&#8221;5179&#8243; img_size=&#8221;full&#8221; alignment=&#8221;right&#8221; onclick=&#8221;custom_link&#8221; link=&#8221;https:\/\/aiazzifrancesco.it\/it\/categoria-prodotto\/ceramica-da-tavola-fatta-a-mano\/&#8221;][\/vc_column_inner][\/vc_row_inner]<a itemprop=\"url\" href=\"https:\/\/aiazzifrancesco.it\/it\/categoria-prodotto\/ceramica-da-tavola-fatta-a-mano\/\" target=\"_self\"  class=\"mkdf-btn mkdf-btn-huge mkdf-btn-solid mkdf-btn-custom-border-hover\" data-hover-border-color=\"#ffffff\" >\n    <span class=\"mkdf-btn-text\">SHOP CERAMICA DA TAVOLA<\/span>\n    <\/a>[\/vc_column][\/vc_row][vc_row][vc_column width=&#8221;1\/2&#8243;][vc_row_inner][vc_column_inner width=&#8221;1\/2&#8243;][vc_column_text]<\/p>\n<h3>Candelieri<\/h3>\n<p class=\"p1\">Candelieri in ceramica fatti completamente a mano da Francesco Aiazzi<span class=\"Apple-converted-space\">\u00a0 <\/span>con utilizzo del tornio e la creazione delle righine con uso di bacchettine di legno.<\/p>\n<p>[\/vc_column_text][\/vc_column_inner][vc_column_inner width=&#8221;1\/2&#8243;][vc_single_image image=&#8221;5181&#8243; img_size=&#8221;full&#8221; alignment=&#8221;right&#8221; onclick=&#8221;custom_link&#8221; link=&#8221;https:\/\/aiazzifrancesco.it\/it\/categoria-prodotto\/ceramica-da-tavola-fatta-a-mano\/&#8221;][\/vc_column_inner][\/vc_row_inner]<a itemprop=\"url\" href=\"https:\/\/aiazzifrancesco.it\/it\/categoria-prodotto\/complementi-arredo-in-ceramica\/\" target=\"_self\"  class=\"mkdf-btn mkdf-btn-huge mkdf-btn-solid mkdf-btn-custom-border-hover\" data-hover-border-color=\"#ffffff\" >\n    <span class=\"mkdf-btn-text\">SHOP COMPLEMENTI ARREDO<\/span>\n    <\/a>[\/vc_column][vc_column width=&#8221;1\/2&#8243;][vc_row_inner][vc_column_inner width=&#8221;1\/2&#8243;][vc_column_text]<\/p>\n<h3>Pigne<\/h3>\n<p>Complementi di arredo posizionate anche su balconi delle antiche ville toscane.Realizzate con il tornio Francesco forgia la calotta con la base di appoggio che verranno uniti dopo una prima asciugatura. Con maestria e meticolosit\u00e0 modella le foglie una ad una usando esclusivamente le dita delle mani . Vengono poi smaltate con vari colori Bianco, Verde, Giallo ecc\u2026[\/vc_column_text][\/vc_column_inner][vc_column_inner width=&#8221;1\/2&#8243;][vc_single_image image=&#8221;4110&#8243; img_size=&#8221;full&#8221; alignment=&#8221;right&#8221; onclick=&#8221;custom_link&#8221; link=&#8221;https:\/\/aiazzifrancesco.it\/it\/categoria-prodotto\/complementi-arredo-in-ceramica\/&#8221;][\/vc_column_inner][\/vc_row_inner]<a itemprop=\"url\" href=\"https:\/\/aiazzifrancesco.it\/it\/categoria-prodotto\/complementi-arredo-in-ceramica\/\" target=\"_self\"  class=\"mkdf-btn mkdf-btn-huge mkdf-btn-solid mkdf-btn-custom-border-hover\" data-hover-border-color=\"#ffffff\" >\n    <span class=\"mkdf-btn-text\">SHOP COMPLEMENTI ARREDO<\/span>\n    <\/a>[\/vc_column][\/vc_row][vc_row][vc_column width=&#8221;1\/2&#8243;][vc_row_inner][vc_column_inner width=&#8221;1\/2&#8243;][vc_column_text]<\/p>\n<h3>Vecchi Tempi<\/h3>\n<p>La collezione \u201c Vecchi tempi\u201d \u00e8 espressione della bellezza di oggetti in ceramica realizzati a mano seguendo linee semplici, decorati in bianco antico dando loro quella leggerezza ed eleganza che ben si legano negli ambienti delle nostre case.E\u2019 realizzata in terracotta e dipinta con colori non tossici.[\/vc_column_text][\/vc_column_inner][vc_column_inner width=&#8221;1\/2&#8243;][vc_single_image image=&#8221;4107&#8243; img_size=&#8221;full&#8221; alignment=&#8221;right&#8221; onclick=&#8221;custom_link&#8221; link=&#8221;https:\/\/aiazzifrancesco.it\/it\/categoria-prodotto\/ceramica-da-tavola-fatta-a-mano\/&#8221;][\/vc_column_inner][\/vc_row_inner]<a itemprop=\"url\" href=\"https:\/\/aiazzifrancesco.it\/it\/categoria-prodotto\/ceramica-da-tavola-fatta-a-mano\/\" target=\"_self\"  class=\"mkdf-btn mkdf-btn-huge mkdf-btn-solid mkdf-btn-custom-border-hover\" data-hover-border-color=\"#ffffff\" >\n    <span class=\"mkdf-btn-text\">SHOP CERAMICA DA TAVOLA<\/span>\n    <\/a>[\/vc_column][vc_column width=&#8221;1\/2&#8243;][vc_row_inner][vc_column_inner width=&#8221;1\/2&#8243;][vc_column_text]<\/p>\n<h3>Toscana Verde<\/h3>\n<p>Viene realizzata completamente a mano sia per la modellatura che per il decoro rivisitando forme e colori di oggetti di uso comune nelle cucine delle campagne toscane. L\u2019unicit\u00e0 di ogni oggetto \u00e8 data dalle possibili irregolarit\u00e0 del fatto a mano che ne fanno motivo di bellezza e valore. E\u2019 realizzata in terracotta e dipinta con colori non tossici.[\/vc_column_text][\/vc_column_inner][vc_column_inner width=&#8221;1\/2&#8243;][vc_single_image image=&#8221;4108&#8243; img_size=&#8221;full&#8221; alignment=&#8221;right&#8221; onclick=&#8221;custom_link&#8221; link=&#8221;http:\/\/https:\/\/aiazzifrancesco.it\/it\/categoria-prodotto\/ceramica-da-tavola-fatta-a-mano\/&#8221;][\/vc_column_inner][\/vc_row_inner]<a itemprop=\"url\" href=\"https:\/\/aiazzifrancesco.it\/it\/categoria-prodotto\/ceramica-da-tavola-fatta-a-mano\/\" target=\"_self\"  class=\"mkdf-btn mkdf-btn-huge mkdf-btn-solid mkdf-btn-custom-border-hover\" data-hover-border-color=\"#ffffff\" >\n    <span class=\"mkdf-btn-text\">SHOP COMPLEMENTI ARREDO<\/span>\n    <\/a>[\/vc_column][\/vc_row][vc_row][vc_column width=&#8221;1\/2&#8243;][vc_row_inner][vc_column_inner width=&#8221;1\/2&#8243;][vc_column_text]<\/p>\n<h3>Toscana Miele<\/h3>\n<p>Viene realizzata completamente a mano in terracotta con colori atossici della tonalit\u00e0 del miele con puntinature di verde rivisitando lo stile delle vecchie pentole in coccio tipiche della cucina toscana. L\u2019unicit\u00e0 di ogni oggetto \u00e8 data dalle possibili irregolarit\u00e0 del fatto a mano che ne fanno motivo di bellezza e valore.[\/vc_column_text][\/vc_column_inner][vc_column_inner width=&#8221;1\/2&#8243;][vc_single_image image=&#8221;4109&#8243; img_size=&#8221;full&#8221; alignment=&#8221;right&#8221; onclick=&#8221;custom_link&#8221; link=&#8221;https:\/\/aiazzifrancesco.it\/it\/categoria-prodotto\/ceramica-da-tavola-fatta-a-mano\/&#8221;][\/vc_column_inner][\/vc_row_inner]<a itemprop=\"url\" href=\"https:\/\/aiazzifrancesco.it\/it\/categoria-prodotto\/ceramica-da-tavola-fatta-a-mano\/\" target=\"_self\"  class=\"mkdf-btn mkdf-btn-huge mkdf-btn-solid mkdf-btn-custom-border-hover\" data-hover-border-color=\"#ffffff\" >\n    <span class=\"mkdf-btn-text\">SHOP CERAMICA DA TAVOLA<\/span>\n    <\/a>[\/vc_column][vc_column width=&#8221;1\/2&#8243;][vc_row_inner][vc_column_inner width=&#8221;1\/2&#8243;][vc_column_text]<\/p>\n<h3>Pentole Toscane<\/h3>\n<p>La Collezione Pentole Toscane in terracotta \u00e8 interamente fatta a mano al tornio dal vasaio; tutte le casseruole sono rifinite in smalti atossici, la terracotta si riscalda in modo uniforme rendendo le casseruole perfette per la preparazione di pasti a fuoco lento come arrosti, stufati e sughi.[\/vc_column_text][\/vc_column_inner][vc_column_inner width=&#8221;1\/2&#8243;][vc_single_image image=&#8221;5048&#8243; img_size=&#8221;full&#8221; alignment=&#8221;right&#8221; onclick=&#8221;custom_link&#8221; link=&#8221;https:\/\/aiazzifrancesco.it\/it\/categoria-prodotto\/pentole-toscane-in-terracotta\/&#8221;][\/vc_column_inner][\/vc_row_inner]<a itemprop=\"url\" href=\"https:\/\/aiazzifrancesco.it\/it\/categoria-prodotto\/pentole-toscane-in-terracotta\/\" target=\"_self\"  class=\"mkdf-btn mkdf-btn-huge mkdf-btn-solid mkdf-btn-custom-border-hover\" data-hover-border-color=\"#ffffff\" >\n    <span class=\"mkdf-btn-text\">SHOP PENTOLE TOSCANE<\/span>\n    <\/a>[\/vc_column][\/vc_row][vc_row][vc_column width=&#8221;1\/2&#8243;][vc_row_inner][vc_column_inner width=&#8221;1\/2&#8243;][vc_column_text]<\/p>\n<h3>Bacco<\/h3>\n<p>La collezione Bacco in vetro soffiato viene realizzata completamente a mano su ordinazione in vari colori riproducendo forme di bicchieri e bottiglie del passato tipiche della nostra Toscana e in modo particolare il bicchiere gambassino. Brocche e bottiglie in vetro soffiato a bocca che rievocano le forme dell\u2019et\u00e0 medioevale raffigurate in numerosi dipinti di artisti Toscani. I bicchieri sono ugualmente soffiati a bocca in vetro finissimo caratteristica delle produzioni delle prime fornaci Toscane.[\/vc_column_text][\/vc_column_inner][vc_column_inner width=&#8221;1\/2&#8243;][vc_single_image image=&#8221;4112&#8243; img_size=&#8221;full&#8221; alignment=&#8221;right&#8221; onclick=&#8221;custom_link&#8221; link=&#8221;https:\/\/aiazzifrancesco.it\/it\/categoria-prodotto\/vetro-soffiato-da-tavola-fatto-a-mano\/&#8221;][\/vc_column_inner][\/vc_row_inner]<a itemprop=\"url\" href=\"https:\/\/aiazzifrancesco.it\/it\/categoria-prodotto\/ceramica-da-tavola-fatta-a-mano\/\" target=\"_self\"  class=\"mkdf-btn mkdf-btn-huge mkdf-btn-solid mkdf-btn-custom-border-hover\" data-hover-border-color=\"#ffffff\" >\n    <span class=\"mkdf-btn-text\">SHOP CERAMICA DA TAVOLA<\/span>\n    <\/a>[\/vc_column][vc_column width=&#8221;1\/2&#8243;][vc_row_inner][vc_column_inner width=&#8221;1\/2&#8243;][vc_column_text]<\/p>\n<h3>Giardino<\/h3>\n<p>Francesco realizza vasi e sculture da giardino in diverse dimensioni con argilla da esterno usando le vecchie tecniche ossia fatte a mano solo su ordinazione.[\/vc_column_text][\/vc_column_inner][vc_column_inner width=&#8221;1\/2&#8243;][vc_single_image image=&#8221;4111&#8243; img_size=&#8221;full&#8221; alignment=&#8221;right&#8221; onclick=&#8221;custom_link&#8221; link=&#8221;https:\/\/aiazzifrancesco.it\/it\/categoria-prodotto\/arredo-giardino-terracotta\/&#8221;][\/vc_column_inner][\/vc_row_inner]<a itemprop=\"url\" href=\"https:\/\/aiazzifrancesco.it\/it\/categoria-prodotto\/arredo-giardino-terracotta\/\" target=\"_self\"  class=\"mkdf-btn mkdf-btn-huge mkdf-btn-solid mkdf-btn-custom-border-hover\" data-hover-border-color=\"#ffffff\" >\n    <span class=\"mkdf-btn-text\">SHOP ARREDO GIARDINO<\/span>\n    <\/a>[\/vc_column][\/vc_row][vc_row][vc_column width=&#8221;1\/2&#8243;][vc_row_inner][vc_column_inner width=&#8221;1\/2&#8243;][vc_column_text]<\/p>\n<h3>Sculture<\/h3>\n<p>Le opere realizzate da Francesco Aiazzi sono veri e propri oggetti d\u2019arte in terracotta o smaltati creati a mano che spaziano dalle sculture di arte sacra fino alla realizzazione di animali quali i cavalli cani ecc&#8230;Francesco nelle sue realizzazioni si sofferma sui particolari fondamentali per rendere le sue creazioni opere d\u2019arte uniche. Francesco \u00e8 in grado di realizzare gli oggetti delle proprie collezioni anche in misure diverse fornite dal cliente.[\/vc_column_text][\/vc_column_inner][vc_column_inner width=&#8221;1\/2&#8243;][vc_single_image image=&#8221;4113&#8243; img_size=&#8221;full&#8221; alignment=&#8221;right&#8221; onclick=&#8221;custom_link&#8221; link=&#8221;https:\/\/aiazzifrancesco.it\/it\/categoria-prodotto\/sculture-artistiche-fatte-a-mano\/&#8221;][\/vc_column_inner][\/vc_row_inner]<a itemprop=\"url\" href=\"https:\/\/aiazzifrancesco.it\/it\/categoria-prodotto\/sculture-artistiche-fatte-a-mano\/\" target=\"_self\"  class=\"mkdf-btn mkdf-btn-huge mkdf-btn-solid mkdf-btn-custom-border-hover\" data-hover-border-color=\"#ffffff\" >\n    <span class=\"mkdf-btn-text\">SHOP SCULTURE ARTISTICHE<\/span>\n    <\/a>[\/vc_column][vc_column width=&#8221;1\/2&#8243;][\/vc_column][\/vc_row]<\/p>\n","protected":false},"excerpt":{"rendered":"<p>[vc_row][vc_column width=&#8221;1\/2&#8243;][vc_row_inner][vc_column_inner width=&#8221;1\/2&#8243;][vc_column_text] Rose Realizzata in ceramica fatta a mano con righe circolari nella falda prodotte singolarmente ed inevitabilmente uno diverso dall\u2019altro . Colori atossici. La brocca in vetro verde oliva soffiata a bocca senza utilizzo di stampi. [\/vc_column_text][\/vc_column_inner][vc_column_inner width=&#8221;1\/2&#8243;][vc_single_image [&hellip;]<\/p>\n","protected":false},"author":1,"featured_media":0,"parent":0,"menu_order":0,"comment_status":"closed","ping_status":"closed","template":"","meta":{"footnotes":""},"yoast_head":"<!-- This site is optimized with the Yoast SEO plugin v20.0 - https:\/\/yoast.com\/wordpress\/plugins\/seo\/ -->\n<title>Collezioni Cristalleria Ceramica Artigiana - Aiazzi Francesco<\/title>\n<meta name=\"description\" content=\"Collezioni Cristalleria Ceramica Artigiana prodotti realizzati da Francesco Aiazzi sono oggetti d\u2019arte in terracotta creati a mano.\" \/>\n<meta name=\"robots\" content=\"index, follow, max-snippet:-1, max-image-preview:large, max-video-preview:-1\" \/>\n<link rel=\"canonical\" href=\"https:\/\/aiazzifrancesco.it\/it\/collezioni-cristalleria-ceramica-artigiana\/\" \/>\n<meta property=\"og:locale\" content=\"it_IT\" \/>\n<meta property=\"og:type\" content=\"article\" \/>\n<meta property=\"og:title\" content=\"Collezioni Cristalleria Ceramica Artigiana - Aiazzi Francesco\" \/>\n<meta property=\"og:description\" content=\"Collezioni Cristalleria Ceramica Artigiana prodotti realizzati da Francesco Aiazzi sono oggetti d\u2019arte in terracotta creati a mano.\" \/>\n<meta property=\"og:url\" content=\"https:\/\/aiazzifrancesco.it\/it\/collezioni-cristalleria-ceramica-artigiana\/\" \/>\n<meta property=\"og:site_name\" content=\"Aiazzi Francesco Cristalleria Ceramica Artigiana\" \/>\n<meta property=\"article:modified_time\" content=\"2024-04-22T10:28:13+00:00\" \/>\n<meta name=\"twitter:card\" content=\"summary_large_image\" \/>\n<meta name=\"twitter:label1\" content=\"Tempo di lettura stimato\" \/>\n\t<meta name=\"twitter:data1\" content=\"3 minuti\" \/>\n<script type=\"application\/ld+json\" class=\"yoast-schema-graph\">{\"@context\":\"https:\/\/schema.org\",\"@graph\":[{\"@type\":\"WebPage\",\"@id\":\"https:\/\/aiazzifrancesco.it\/it\/collezioni-cristalleria-ceramica-artigiana\/\",\"url\":\"https:\/\/aiazzifrancesco.it\/it\/collezioni-cristalleria-ceramica-artigiana\/\",\"name\":\"Collezioni Cristalleria Ceramica Artigiana - Aiazzi Francesco\",\"isPartOf\":{\"@id\":\"https:\/\/aiazzifrancesco.it\/it\/#website\"},\"datePublished\":\"2020-07-01T14:09:08+00:00\",\"dateModified\":\"2024-04-22T10:28:13+00:00\",\"description\":\"Collezioni Cristalleria Ceramica Artigiana prodotti realizzati da Francesco Aiazzi sono oggetti d\u2019arte in terracotta creati a mano.\",\"breadcrumb\":{\"@id\":\"https:\/\/aiazzifrancesco.it\/it\/collezioni-cristalleria-ceramica-artigiana\/#breadcrumb\"},\"inLanguage\":\"it-IT\",\"potentialAction\":[{\"@type\":\"ReadAction\",\"target\":[\"https:\/\/aiazzifrancesco.it\/it\/collezioni-cristalleria-ceramica-artigiana\/\"]}]},{\"@type\":\"BreadcrumbList\",\"@id\":\"https:\/\/aiazzifrancesco.it\/it\/collezioni-cristalleria-ceramica-artigiana\/#breadcrumb\",\"itemListElement\":[{\"@type\":\"ListItem\",\"position\":1,\"name\":\"Home\",\"item\":\"https:\/\/aiazzifrancesco.it\/it\/\"},{\"@type\":\"ListItem\",\"position\":2,\"name\":\"Collezioni\"}]},{\"@type\":\"WebSite\",\"@id\":\"https:\/\/aiazzifrancesco.it\/it\/#website\",\"url\":\"https:\/\/aiazzifrancesco.it\/it\/\",\"name\":\"Aiazzi Francesco Cristalleria Ceramica Artigiana\",\"description\":\"Sale of Handmade Glassware and Artisan Ceramics made in Italy\",\"publisher\":{\"@id\":\"https:\/\/aiazzifrancesco.it\/it\/#organization\"},\"potentialAction\":[{\"@type\":\"SearchAction\",\"target\":{\"@type\":\"EntryPoint\",\"urlTemplate\":\"https:\/\/aiazzifrancesco.it\/it\/?s={search_term_string}\"},\"query-input\":\"required name=search_term_string\"}],\"inLanguage\":\"it-IT\"},{\"@type\":\"Organization\",\"@id\":\"https:\/\/aiazzifrancesco.it\/it\/#organization\",\"name\":\"Cristalleria Ceramica Artigiana\",\"url\":\"https:\/\/aiazzifrancesco.it\/it\/\",\"logo\":{\"@type\":\"ImageObject\",\"inLanguage\":\"it-IT\",\"@id\":\"https:\/\/aiazzifrancesco.it\/it\/#\/schema\/logo\/image\/\",\"url\":\"https:\/\/aiazzifrancesco.it\/wp-content\/uploads\/2020\/06\/logo-aiazzi.png\",\"contentUrl\":\"https:\/\/aiazzifrancesco.it\/wp-content\/uploads\/2020\/06\/logo-aiazzi.png\",\"width\":250,\"height\":150,\"caption\":\"Cristalleria Ceramica Artigiana\"},\"image\":{\"@id\":\"https:\/\/aiazzifrancesco.it\/it\/#\/schema\/logo\/image\/\"}}]}<\/script>\n<!-- \/ Yoast SEO plugin. -->","yoast_head_json":{"title":"Collezioni Cristalleria Ceramica Artigiana - Aiazzi Francesco","description":"Collezioni Cristalleria Ceramica Artigiana prodotti realizzati da Francesco Aiazzi sono oggetti d\u2019arte in terracotta creati a mano.","robots":{"index":"index","follow":"follow","max-snippet":"max-snippet:-1","max-image-preview":"max-image-preview:large","max-video-preview":"max-video-preview:-1"},"canonical":"https:\/\/aiazzifrancesco.it\/it\/collezioni-cristalleria-ceramica-artigiana\/","og_locale":"it_IT","og_type":"article","og_title":"Collezioni Cristalleria Ceramica Artigiana - Aiazzi Francesco","og_description":"Collezioni Cristalleria Ceramica Artigiana prodotti realizzati da Francesco Aiazzi sono oggetti d\u2019arte in terracotta creati a mano.","og_url":"https:\/\/aiazzifrancesco.it\/it\/collezioni-cristalleria-ceramica-artigiana\/","og_site_name":"Aiazzi Francesco Cristalleria Ceramica Artigiana","article_modified_time":"2024-04-22T10:28:13+00:00","twitter_card":"summary_large_image","twitter_misc":{"Tempo di lettura stimato":"3 minuti"},"schema":{"@context":"https:\/\/schema.org","@graph":[{"@type":"WebPage","@id":"https:\/\/aiazzifrancesco.it\/it\/collezioni-cristalleria-ceramica-artigiana\/","url":"https:\/\/aiazzifrancesco.it\/it\/collezioni-cristalleria-ceramica-artigiana\/","name":"Collezioni Cristalleria Ceramica Artigiana - Aiazzi Francesco","isPartOf":{"@id":"https:\/\/aiazzifrancesco.it\/it\/#website"},"datePublished":"2020-07-01T14:09:08+00:00","dateModified":"2024-04-22T10:28:13+00:00","description":"Collezioni Cristalleria Ceramica Artigiana prodotti realizzati da Francesco Aiazzi sono oggetti d\u2019arte in terracotta creati a mano.","breadcrumb":{"@id":"https:\/\/aiazzifrancesco.it\/it\/collezioni-cristalleria-ceramica-artigiana\/#breadcrumb"},"inLanguage":"it-IT","potentialAction":[{"@type":"ReadAction","target":["https:\/\/aiazzifrancesco.it\/it\/collezioni-cristalleria-ceramica-artigiana\/"]}]},{"@type":"BreadcrumbList","@id":"https:\/\/aiazzifrancesco.it\/it\/collezioni-cristalleria-ceramica-artigiana\/#breadcrumb","itemListElement":[{"@type":"ListItem","position":1,"name":"Home","item":"https:\/\/aiazzifrancesco.it\/it\/"},{"@type":"ListItem","position":2,"name":"Collezioni"}]},{"@type":"WebSite","@id":"https:\/\/aiazzifrancesco.it\/it\/#website","url":"https:\/\/aiazzifrancesco.it\/it\/","name":"Aiazzi Francesco Cristalleria Ceramica Artigiana","description":"Sale of Handmade Glassware and Artisan Ceramics made in Italy","publisher":{"@id":"https:\/\/aiazzifrancesco.it\/it\/#organization"},"potentialAction":[{"@type":"SearchAction","target":{"@type":"EntryPoint","urlTemplate":"https:\/\/aiazzifrancesco.it\/it\/?s={search_term_string}"},"query-input":"required name=search_term_string"}],"inLanguage":"it-IT"},{"@type":"Organization","@id":"https:\/\/aiazzifrancesco.it\/it\/#organization","name":"Cristalleria Ceramica Artigiana","url":"https:\/\/aiazzifrancesco.it\/it\/","logo":{"@type":"ImageObject","inLanguage":"it-IT","@id":"https:\/\/aiazzifrancesco.it\/it\/#\/schema\/logo\/image\/","url":"https:\/\/aiazzifrancesco.it\/wp-content\/uploads\/2020\/06\/logo-aiazzi.png","contentUrl":"https:\/\/aiazzifrancesco.it\/wp-content\/uploads\/2020\/06\/logo-aiazzi.png","width":250,"height":150,"caption":"Cristalleria Ceramica Artigiana"},"image":{"@id":"https:\/\/aiazzifrancesco.it\/it\/#\/schema\/logo\/image\/"}}]}},"_links":{"self":[{"href":"https:\/\/aiazzifrancesco.it\/it\/wp-json\/wp\/v2\/pages\/4105"}],"collection":[{"href":"https:\/\/aiazzifrancesco.it\/it\/wp-json\/wp\/v2\/pages"}],"about":[{"href":"https:\/\/aiazzifrancesco.it\/it\/wp-json\/wp\/v2\/types\/page"}],"author":[{"embeddable":true,"href":"https:\/\/aiazzifrancesco.it\/it\/wp-json\/wp\/v2\/users\/1"}],"replies":[{"embeddable":true,"href":"https:\/\/aiazzifrancesco.it\/it\/wp-json\/wp\/v2\/comments?post=4105"}],"version-history":[{"count":15,"href":"https:\/\/aiazzifrancesco.it\/it\/wp-json\/wp\/v2\/pages\/4105\/revisions"}],"predecessor-version":[{"id":5185,"href":"https:\/\/aiazzifrancesco.it\/it\/wp-json\/wp\/v2\/pages\/4105\/revisions\/5185"}],"wp:attachment":[{"href":"https:\/\/aiazzifrancesco.it\/it\/wp-json\/wp\/v2\/media?parent=4105"}],"curies":[{"name":"wp","href":"https:\/\/api.w.org\/{rel}","templated":true}]}}