{"id":4090,"date":"2020-07-01T15:39:19","date_gmt":"2020-07-01T13:39:19","guid":{"rendered":"https:\/\/aiazzifrancesco.it\/?page_id=4090"},"modified":"2020-09-17T11:26:57","modified_gmt":"2020-09-17T09:26:57","slug":"aiazzi-francesco","status":"publish","type":"page","link":"https:\/\/aiazzifrancesco.it\/it\/aiazzi-francesco\/","title":{"rendered":"Aiazzi Francesco"},"content":{"rendered":"<p>[vc_row][vc_column width=&#8221;1\/2&#8243;][vc_single_image image=&#8221;4053&#8243; img_size=&#8221;full&#8221;][\/vc_column][vc_column width=&#8221;1\/2&#8243;][vc_column_text css=&#8221;.vc_custom_1593595863271{padding-top: 10px !important;}&#8221;]<\/p>\n<h2 style=\"text-align: center;\">AIAZZI FRANCESCO<\/h2>\n<p>[\/vc_column_text][vc_column_text css=&#8221;.vc_custom_1593610839908{padding-bottom: 20px !important;}&#8221;]<\/p>\n<h3 style=\"text-align: center;\"><em>Cristalleria Ceramica Artigiana<\/em><\/h3>\n<h4 style=\"text-align: center;\"><em>dal 1991<\/em><\/h4>\n<p>[\/vc_column_text][vc_column_text]<\/p>\n<blockquote>\n<p class=\"p1\">Il background lavorativo di Francesco \u00e8 tipicamente artigianale. All&#8217;et\u00e0 di dieci anni inizi\u00f2 a lavorare con il vetro sotto la supervisione di suo padre Carlo, un maestro artigiano del vetro.<\/p>\n<p class=\"p1\">All&#8217;et\u00e0 di quindici anni divenne studente dello scultore Aldo Ciolli un artista di fama internazionale.<br \/>\nSin dall&#8217;inizio ha continuato la strada della lavorazione della ceramica e del vetro e ha avuto l&#8217;onore di collaborare con un grande maestro del vetro Dorino Bormioli.<\/p>\n<p class=\"p1\">Nel 1999 ha consegnato un bassorilievo per il giubileo a Papa Giovanni Paolo II a Roma e dopo nel 2000 ha realizzato una Madonna in ceramica per il Papa che viene esposta in Vaticano.<br \/>\nMolte delle sue creazioni sono esposte in eleganti showroom di New York che raccolgono le creazioni dei migliori maestri artigiani in Italia.<br \/>\nnel 2016 gli \u00e8 stato conferito a Milano un master in arte e artigianato, collocandolo tra i migliori maestri vetrai italiani di fama internazionale.<br \/>\nil suo nome \u00e8 legato alla sua societ\u00e0 C.C.A di Aiazzi situata a Colle di Val d&#8217;Elsa che \u00e8 una citt\u00e0 piena di tradizione e storia come molte citt\u00e0 toscane e si trova tra Siena e Firenze vicino a San Gimignano.<\/p>\n<p class=\"p1\">Le sue creazioni sono ispirate alle antiche tradizioni della ceramica toscana con terrecotte e sculture modellate a mano.<br \/>\nPer il vetro preferisce la creazione di bicchieri soffiati a bocca in vetro verde e altri che rimandano a modelli medievali.<\/p>\n<\/blockquote>\n<p>[\/vc_column_text][vc_empty_space]<a itemprop=\"url\" href=\"https:\/\/aiazzifrancesco.it\/it\/shop-cristalleria-ceramica-artigiana\/\" target=\"_self\"  class=\"mkdf-btn mkdf-btn-huge mkdf-btn-solid\"  >\n    <span class=\"mkdf-btn-text\">COLLEZIONI CRISTALLERIA CERAMICA ARTIGIANA<\/span>\n    <\/a>[\/vc_column][\/vc_row][vc_row css=&#8221;.vc_custom_1593599605288{margin-top: 30px !important;}&#8221;][vc_column width=&#8221;1\/2&#8243;]<div class=\"mkdf-elements-holder   mkdf-one-column  mkdf-responsive-mode-768 \" ><div class=\"mkdf-eh-item   mkdf-horizontal-alignment-center  \" data-item-class=\"mkdf-eh-custom-8453\">\n\t<div class=\"mkdf-eh-background-holder\" style=\"background-image: url(https:\/\/aiazzifrancesco.it\/wp-content\/uploads\/2020\/07\/slider-6-cca.jpg)\" ><\/div>\n\t<div class=\"mkdf-eh-item-inner\">\n\t\t<div class=\"mkdf-eh-item-content mkdf-eh-custom-8453\" style=\"padding: 30% 0 30% 0\">\n\t\t\t<div class=\"mkdf-video-button-holder  \">\n\t\t\t\t<a class=\"mkdf-video-button-play\"  href=\"https:\/\/youtu.be\/Fy7HbUcDQwQ\" data-rel=\"prettyPhoto[video_button_pretty_photo_436]\">\n\t\t\t<span class=\"mkdf-video-button-play-inner\" >\n\t\t\t\t<span class=\"mkdf-vb-icon ion-ios-play\"><\/span>\n\t\t\t<\/span>\n\t\t<\/a>\n\t<\/div>\t\t<\/div>\n\t\t\t<\/div>\n<\/div><\/div>[\/vc_column][vc_column width=&#8221;1\/2&#8243;]<div class=\"mkdf-elements-holder   mkdf-one-column  mkdf-responsive-mode-768 \" ><div class=\"mkdf-eh-item   mkdf-horizontal-alignment-center  \" data-item-class=\"mkdf-eh-custom-4018\">\n\t<div class=\"mkdf-eh-background-holder\" style=\"background-image: url(https:\/\/aiazzifrancesco.it\/wp-content\/uploads\/2020\/07\/slider-5-cca.jpg)\" ><\/div>\n\t<div class=\"mkdf-eh-item-inner\">\n\t\t<div class=\"mkdf-eh-item-content mkdf-eh-custom-4018\" style=\"padding: 30% 0 30% 0\">\n\t\t\t<div class=\"mkdf-video-button-holder  \">\n\t\t\t\t<a class=\"mkdf-video-button-play\"  href=\"https:\/\/youtu.be\/E8Cw-U6i5Pg\" data-rel=\"prettyPhoto[video_button_pretty_photo_641]\">\n\t\t\t<span class=\"mkdf-video-button-play-inner\" >\n\t\t\t\t<span class=\"mkdf-vb-icon ion-ios-play\"><\/span>\n\t\t\t<\/span>\n\t\t<\/a>\n\t<\/div>\t\t<\/div>\n\t\t\t<\/div>\n<\/div><\/div>[\/vc_column][\/vc_row][vc_row css=&#8221;.vc_custom_1593599613043{margin-top: 10px !important;}&#8221;][vc_column width=&#8221;1\/5&#8243; css=&#8221;.vc_custom_1593598548428{padding-right: 0px !important;}&#8221;][vc_single_image image=&#8221;4070&#8243; img_size=&#8221;full&#8221; onclick=&#8221;link_image&#8221;][\/vc_column][vc_column width=&#8221;1\/5&#8243; css=&#8221;.vc_custom_1593598553152{padding-right: 0px !important;}&#8221;][vc_single_image image=&#8221;4074&#8243; img_size=&#8221;full&#8221; onclick=&#8221;link_image&#8221;][\/vc_column][vc_column width=&#8221;1\/5&#8243; css=&#8221;.vc_custom_1593598565718{padding-right: 0px !important;}&#8221;][vc_single_image image=&#8221;4066&#8243; img_size=&#8221;full&#8221; onclick=&#8221;link_image&#8221;][\/vc_column][vc_column width=&#8221;1\/5&#8243; css=&#8221;.vc_custom_1593598573300{padding-right: 0px !important;}&#8221;][vc_single_image image=&#8221;4064&#8243; img_size=&#8221;full&#8221;][\/vc_column][vc_column width=&#8221;1\/5&#8243; css=&#8221;.vc_custom_1593598808853{padding-right: 0px !important;}&#8221;][vc_single_image image=&#8221;4068&#8243; img_size=&#8221;full&#8221; onclick=&#8221;link_image&#8221;][\/vc_column][\/vc_row][vc_row css=&#8221;.vc_custom_1593598725085{margin-top: 10px !important;padding-left: 0px !important;}&#8221;][vc_column width=&#8221;1\/5&#8243; css=&#8221;.vc_custom_1593598655686{padding-right: 0px !important;}&#8221;][vc_single_image image=&#8221;4059&#8243; img_size=&#8221;large&#8221; onclick=&#8221;link_image&#8221;][\/vc_column][vc_column width=&#8221;1\/5&#8243; css=&#8221;.vc_custom_1593598709170{padding-right: 0px !important;}&#8221;][vc_single_image image=&#8221;4061&#8243; img_size=&#8221;large&#8221; onclick=&#8221;link_image&#8221;][\/vc_column][vc_column width=&#8221;1\/5&#8243; css=&#8221;.vc_custom_1593598668804{padding-right: 0px !important;}&#8221;][vc_single_image image=&#8221;4055&#8243; img_size=&#8221;large&#8221; onclick=&#8221;link_image&#8221;][\/vc_column][vc_column width=&#8221;1\/5&#8243; css=&#8221;.vc_custom_1593598715195{padding-right: 0px !important;}&#8221;][vc_single_image image=&#8221;4049&#8243; img_size=&#8221;large&#8221; onclick=&#8221;link_image&#8221;][\/vc_column][vc_column width=&#8221;1\/5&#8243; css=&#8221;.vc_custom_1593598816272{padding-right: 0px !important;}&#8221;][vc_single_image image=&#8221;4057&#8243; img_size=&#8221;large&#8221; onclick=&#8221;link_image&#8221;][\/vc_column][\/vc_row]<\/p>\n","protected":false},"excerpt":{"rendered":"<p>[vc_row][vc_column width=&#8221;1\/2&#8243;][vc_single_image image=&#8221;4053&#8243; img_size=&#8221;full&#8221;][\/vc_column][vc_column width=&#8221;1\/2&#8243;][vc_column_text css=&#8221;.vc_custom_1593595863271{padding-top: 10px !important;}&#8221;] AIAZZI FRANCESCO [\/vc_column_text][vc_column_text css=&#8221;.vc_custom_1593610839908{padding-bottom: 20px !important;}&#8221;] Cristalleria Ceramica Artigiana dal 1991 [\/vc_column_text][vc_column_text] Il background lavorativo di Francesco \u00e8 tipicamente artigianale. All&#8217;et\u00e0 di dieci anni inizi\u00f2 a lavorare con il vetro sotto la [&hellip;]<\/p>\n","protected":false},"author":1,"featured_media":0,"parent":0,"menu_order":0,"comment_status":"closed","ping_status":"closed","template":"","meta":{"footnotes":""},"yoast_head":"<!-- This site is optimized with the Yoast SEO plugin v20.0 - https:\/\/yoast.com\/wordpress\/plugins\/seo\/ -->\n<title>Aiazzi Francesco - Aiazzi Francesco Cristalleria Ceramica Artigiana<\/title>\n<meta name=\"robots\" content=\"index, follow, max-snippet:-1, max-image-preview:large, max-video-preview:-1\" \/>\n<link rel=\"canonical\" href=\"https:\/\/aiazzifrancesco.it\/it\/aiazzi-francesco\/\" \/>\n<meta property=\"og:locale\" content=\"it_IT\" \/>\n<meta property=\"og:type\" content=\"article\" \/>\n<meta property=\"og:title\" content=\"Aiazzi Francesco - Aiazzi Francesco Cristalleria Ceramica Artigiana\" \/>\n<meta property=\"og:description\" content=\"[vc_row][vc_column width=&#8221;1\/2&#8243;][vc_single_image image=&#8221;4053&#8243; img_size=&#8221;full&#8221;][\/vc_column][vc_column width=&#8221;1\/2&#8243;][vc_column_text css=&#8221;.vc_custom_1593595863271{padding-top: 10px !important;}&#8221;] AIAZZI FRANCESCO [\/vc_column_text][vc_column_text css=&#8221;.vc_custom_1593610839908{padding-bottom: 20px !important;}&#8221;] Cristalleria Ceramica Artigiana dal 1991 [\/vc_column_text][vc_column_text] Il background lavorativo di Francesco \u00e8 tipicamente artigianale. All&#8217;et\u00e0 di dieci anni inizi\u00f2 a lavorare con il vetro sotto la [&hellip;]\" \/>\n<meta property=\"og:url\" content=\"https:\/\/aiazzifrancesco.it\/it\/aiazzi-francesco\/\" \/>\n<meta property=\"og:site_name\" content=\"Aiazzi Francesco Cristalleria Ceramica Artigiana\" \/>\n<meta property=\"article:modified_time\" content=\"2020-09-17T09:26:57+00:00\" \/>\n<meta name=\"twitter:card\" content=\"summary_large_image\" \/>\n<meta name=\"twitter:label1\" content=\"Tempo di lettura stimato\" \/>\n\t<meta name=\"twitter:data1\" content=\"3 minuti\" \/>\n<script type=\"application\/ld+json\" class=\"yoast-schema-graph\">{\"@context\":\"https:\/\/schema.org\",\"@graph\":[{\"@type\":\"WebPage\",\"@id\":\"https:\/\/aiazzifrancesco.it\/it\/aiazzi-francesco\/\",\"url\":\"https:\/\/aiazzifrancesco.it\/it\/aiazzi-francesco\/\",\"name\":\"Aiazzi Francesco - Aiazzi Francesco Cristalleria Ceramica Artigiana\",\"isPartOf\":{\"@id\":\"https:\/\/aiazzifrancesco.it\/it\/#website\"},\"datePublished\":\"2020-07-01T13:39:19+00:00\",\"dateModified\":\"2020-09-17T09:26:57+00:00\",\"breadcrumb\":{\"@id\":\"https:\/\/aiazzifrancesco.it\/it\/aiazzi-francesco\/#breadcrumb\"},\"inLanguage\":\"it-IT\",\"potentialAction\":[{\"@type\":\"ReadAction\",\"target\":[\"https:\/\/aiazzifrancesco.it\/it\/aiazzi-francesco\/\"]}]},{\"@type\":\"BreadcrumbList\",\"@id\":\"https:\/\/aiazzifrancesco.it\/it\/aiazzi-francesco\/#breadcrumb\",\"itemListElement\":[{\"@type\":\"ListItem\",\"position\":1,\"name\":\"Home\",\"item\":\"https:\/\/aiazzifrancesco.it\/it\/\"},{\"@type\":\"ListItem\",\"position\":2,\"name\":\"Aiazzi Francesco\"}]},{\"@type\":\"WebSite\",\"@id\":\"https:\/\/aiazzifrancesco.it\/it\/#website\",\"url\":\"https:\/\/aiazzifrancesco.it\/it\/\",\"name\":\"Aiazzi Francesco Cristalleria Ceramica Artigiana\",\"description\":\"Sale of Handmade Glassware and Artisan Ceramics made in Italy\",\"publisher\":{\"@id\":\"https:\/\/aiazzifrancesco.it\/it\/#organization\"},\"potentialAction\":[{\"@type\":\"SearchAction\",\"target\":{\"@type\":\"EntryPoint\",\"urlTemplate\":\"https:\/\/aiazzifrancesco.it\/it\/?s={search_term_string}\"},\"query-input\":\"required name=search_term_string\"}],\"inLanguage\":\"it-IT\"},{\"@type\":\"Organization\",\"@id\":\"https:\/\/aiazzifrancesco.it\/it\/#organization\",\"name\":\"Cristalleria Ceramica Artigiana\",\"url\":\"https:\/\/aiazzifrancesco.it\/it\/\",\"logo\":{\"@type\":\"ImageObject\",\"inLanguage\":\"it-IT\",\"@id\":\"https:\/\/aiazzifrancesco.it\/it\/#\/schema\/logo\/image\/\",\"url\":\"https:\/\/aiazzifrancesco.it\/wp-content\/uploads\/2020\/06\/logo-aiazzi.png\",\"contentUrl\":\"https:\/\/aiazzifrancesco.it\/wp-content\/uploads\/2020\/06\/logo-aiazzi.png\",\"width\":250,\"height\":150,\"caption\":\"Cristalleria Ceramica Artigiana\"},\"image\":{\"@id\":\"https:\/\/aiazzifrancesco.it\/it\/#\/schema\/logo\/image\/\"}}]}<\/script>\n<!-- \/ Yoast SEO plugin. -->","yoast_head_json":{"title":"Aiazzi Francesco - Aiazzi Francesco Cristalleria Ceramica Artigiana","robots":{"index":"index","follow":"follow","max-snippet":"max-snippet:-1","max-image-preview":"max-image-preview:large","max-video-preview":"max-video-preview:-1"},"canonical":"https:\/\/aiazzifrancesco.it\/it\/aiazzi-francesco\/","og_locale":"it_IT","og_type":"article","og_title":"Aiazzi Francesco - Aiazzi Francesco Cristalleria Ceramica Artigiana","og_description":"[vc_row][vc_column width=&#8221;1\/2&#8243;][vc_single_image image=&#8221;4053&#8243; img_size=&#8221;full&#8221;][\/vc_column][vc_column width=&#8221;1\/2&#8243;][vc_column_text css=&#8221;.vc_custom_1593595863271{padding-top: 10px !important;}&#8221;] AIAZZI FRANCESCO [\/vc_column_text][vc_column_text css=&#8221;.vc_custom_1593610839908{padding-bottom: 20px !important;}&#8221;] Cristalleria Ceramica Artigiana dal 1991 [\/vc_column_text][vc_column_text] Il background lavorativo di Francesco \u00e8 tipicamente artigianale. All&#8217;et\u00e0 di dieci anni inizi\u00f2 a lavorare con il vetro sotto la [&hellip;]","og_url":"https:\/\/aiazzifrancesco.it\/it\/aiazzi-francesco\/","og_site_name":"Aiazzi Francesco Cristalleria Ceramica Artigiana","article_modified_time":"2020-09-17T09:26:57+00:00","twitter_card":"summary_large_image","twitter_misc":{"Tempo di lettura stimato":"3 minuti"},"schema":{"@context":"https:\/\/schema.org","@graph":[{"@type":"WebPage","@id":"https:\/\/aiazzifrancesco.it\/it\/aiazzi-francesco\/","url":"https:\/\/aiazzifrancesco.it\/it\/aiazzi-francesco\/","name":"Aiazzi Francesco - Aiazzi Francesco Cristalleria Ceramica Artigiana","isPartOf":{"@id":"https:\/\/aiazzifrancesco.it\/it\/#website"},"datePublished":"2020-07-01T13:39:19+00:00","dateModified":"2020-09-17T09:26:57+00:00","breadcrumb":{"@id":"https:\/\/aiazzifrancesco.it\/it\/aiazzi-francesco\/#breadcrumb"},"inLanguage":"it-IT","potentialAction":[{"@type":"ReadAction","target":["https:\/\/aiazzifrancesco.it\/it\/aiazzi-francesco\/"]}]},{"@type":"BreadcrumbList","@id":"https:\/\/aiazzifrancesco.it\/it\/aiazzi-francesco\/#breadcrumb","itemListElement":[{"@type":"ListItem","position":1,"name":"Home","item":"https:\/\/aiazzifrancesco.it\/it\/"},{"@type":"ListItem","position":2,"name":"Aiazzi Francesco"}]},{"@type":"WebSite","@id":"https:\/\/aiazzifrancesco.it\/it\/#website","url":"https:\/\/aiazzifrancesco.it\/it\/","name":"Aiazzi Francesco Cristalleria Ceramica Artigiana","description":"Sale of Handmade Glassware and Artisan Ceramics made in Italy","publisher":{"@id":"https:\/\/aiazzifrancesco.it\/it\/#organization"},"potentialAction":[{"@type":"SearchAction","target":{"@type":"EntryPoint","urlTemplate":"https:\/\/aiazzifrancesco.it\/it\/?s={search_term_string}"},"query-input":"required name=search_term_string"}],"inLanguage":"it-IT"},{"@type":"Organization","@id":"https:\/\/aiazzifrancesco.it\/it\/#organization","name":"Cristalleria Ceramica Artigiana","url":"https:\/\/aiazzifrancesco.it\/it\/","logo":{"@type":"ImageObject","inLanguage":"it-IT","@id":"https:\/\/aiazzifrancesco.it\/it\/#\/schema\/logo\/image\/","url":"https:\/\/aiazzifrancesco.it\/wp-content\/uploads\/2020\/06\/logo-aiazzi.png","contentUrl":"https:\/\/aiazzifrancesco.it\/wp-content\/uploads\/2020\/06\/logo-aiazzi.png","width":250,"height":150,"caption":"Cristalleria Ceramica Artigiana"},"image":{"@id":"https:\/\/aiazzifrancesco.it\/it\/#\/schema\/logo\/image\/"}}]}},"_links":{"self":[{"href":"https:\/\/aiazzifrancesco.it\/it\/wp-json\/wp\/v2\/pages\/4090"}],"collection":[{"href":"https:\/\/aiazzifrancesco.it\/it\/wp-json\/wp\/v2\/pages"}],"about":[{"href":"https:\/\/aiazzifrancesco.it\/it\/wp-json\/wp\/v2\/types\/page"}],"author":[{"embeddable":true,"href":"https:\/\/aiazzifrancesco.it\/it\/wp-json\/wp\/v2\/users\/1"}],"replies":[{"embeddable":true,"href":"https:\/\/aiazzifrancesco.it\/it\/wp-json\/wp\/v2\/comments?post=4090"}],"version-history":[{"count":6,"href":"https:\/\/aiazzifrancesco.it\/it\/wp-json\/wp\/v2\/pages\/4090\/revisions"}],"predecessor-version":[{"id":4954,"href":"https:\/\/aiazzifrancesco.it\/it\/wp-json\/wp\/v2\/pages\/4090\/revisions\/4954"}],"wp:attachment":[{"href":"https:\/\/aiazzifrancesco.it\/it\/wp-json\/wp\/v2\/media?parent=4090"}],"curies":[{"name":"wp","href":"https:\/\/api.w.org\/{rel}","templated":true}]}}